{"id":4006,"date":"2021-10-20T12:20:37","date_gmt":"2021-10-20T12:20:37","guid":{"rendered":"http:\/\/tip95.razvija.se\/about-us\/"},"modified":"2024-03-07T14:33:35","modified_gmt":"2024-03-07T13:33:35","slug":"o-podjetju","status":"publish","type":"page","link":"https:\/\/tip95.si\/sl\/o-podjetju\/","title":{"rendered":"O podjetju"},"content":{"rendered":"<p><section id=\"meeting\" class=\"kc-elm kc-css-252789 kc_row\"><div class=\" container\"><div class=\"row\"><div class=\"kc-elm kc-css-600052 col-12 col-md-6 column col-lg-8 order-2 order-md-1 mt-3 mt-md-0\"><div class=\"gray-bg kc-col-container\"><div class=\"kc-elm kc-css-862835 kc_text_block\"><\/p>\n<p>Na\u0161a ekipa mladih in inovativnih strokovnjakov vedno postavlja potrebe in cilje na\u0161ih strank na 1. mesto: na\u0161e prilagojene re\u0161itve so zasnovane tako, da dose\u017eejo ve\u010d za manj.<\/p>\n<p>S \u0161tevilnimi projekti, ki se razlikujejo po velikosti, geografskih, poslovnih in okoljskih dejavnikih, smo si pridobili vedno ve\u010djo bazo znanja in izku\u0161enj, iz katere zdaj \u010drpamo na\u0161e inovacije in izku\u0161nje za nova prizadevanja.<\/p>\n<p>Na\u0161e projekte na\u010drtuje, zasnuje, izdela in montira na\u0161a ekipa, vse od za\u010detne postavitve ciljev do izvedbe in faze zagona. Zaradi tega smo \u0161e posebej zanesljivi in odzivni, zanesljivost na\u0161ih prilagojenih re\u0161itev pa testirajo in dokon\u010dno oblikujejo isti ljudje, ki so jih oblikovali.<\/p>\n<p>\n<\/div><\/div><\/div><div class=\"kc-elm kc-css-993603 col-12 col-md-6 column col-lg-4 order-1 order-md-2\"><div class=\"kc-col-container\"><div class=\"kc-elm kc-css-640347 kc_shortcode kc_single_image meeting-img\">\n\n        <img decoding=\"async\" src=\"https:\/\/tip95.si\/wp-content\/uploads\/2021\/11\/fsdfdsfsd.png\" class=\"\" alt=\"\" \/>    <\/div>\n<\/div><\/div><\/div><\/div><\/section><section id=\"text-over\" class=\"kc-elm kc-css-407420 kc_row\"><div class=\" container\"><div class=\"row\"><div class=\"kc-elm kc-css-632731 col-12 col-md-12 column col-12 col-md-10\"><div class=\"kc-col-container\">\n<div class=\"kc-elm kc-css-4490 kc-title-wrap \">\n\n\t<h2 class=\"kc_title\">AS WE CONTINUALLY STRIVE TO ACHIEVE THE BEST RETURN ON INVESTMENT FOR OUR CUSTOMERS, THE SOLUTIONS WE IMPLEMENT RESULT IN:<\/h2>\n<\/div>\n<\/div><\/div><\/div><\/div><\/section><section data-kc-equalheight=\"true\" data-kc-equalheight-align=\"middle\" class=\"kc-elm kc-css-263515 kc_row\"><div class=\" container-fluid\"><div class=\"row\"><div class=\"kc-elm kc-css-430762 col-12 col-md-6 column col-lg-5\"><div class=\"kc-col-container\"><div class=\"div-wrapper kc-elm kc-css-998754 blue-box\">\n<div class=\"kc-elm kc-css-55416 kc-title-wrap \">\n\n\t<span class=\"kc_title mont-bold\">Pozitivni<\/span>\n<\/div>\n\n<div class=\"kc-elm kc-css-395194 kc-title-wrap \">\n\n\t<h2 class=\"kc_title\">u\u010dinki na\u0161ih re\u0161itev<\/h2>\n<\/div>\n<div class=\"kc-elm kc-css-796109 kc_text_block\"><\/p>\n<ul>\n<li>Zmanj\u0161ani skupni stro\u0161ki energije<\/li>\n<li>Pove\u010danje kakovosti delovnih pogojev<\/li>\n<li>Kraj\u0161i \u010dasi izpadov<\/li>\n<li>Bistveno izbolj\u0161anje u\u010dinkovitosti rabe energije<\/li>\n<li>Zmanj\u0161anje stro\u0161kov vzdr\u017eevanja<\/li>\n<li>Bolj\u0161a kakovost papirja ali kartona<\/li>\n<\/ul>\n<p>\n<\/div><\/div><\/div><\/div><div class=\"kc-elm kc-css-679733 col-12 col-md-6 column col-lg-7\"><div class=\"kc-col-container\"><div class=\"div-wrapper kc-elm kc-css-883834 white-box\">\n<div class=\"kc-elm kc-css-803222 kc-title-wrap \">\n\n\t<span class=\"kc_title\">KAKO<\/span>\n<\/div>\n\n<div class=\"kc-elm kc-css-303806 kc-title-wrap \">\n\n\t<h2 class=\"kc_title\">TO DOSEGAMO<\/h2>\n<\/div>\n<div class=\"kc-elm kc-css-974426 kc_text_block\"><\/p>\n<ul>\n<li>Velikost na\u0161e ekipe in izku\u0161nje nam omogo\u010dajo, da smo izjemno prilagodljivi, hitri, odzivni in zanesljivi.<\/li>\n<li>Na\u0161a najve\u010dja prednost je znanje in vrhunski in\u017eeniring vseh na\u0161ih re\u0161itev.<\/li>\n<li>Vsak projekt ima koristi od sodelovanja vrhunske ekipe od za\u010detka do konca.<\/li>\n<li>Sodelovanje s strankami temelji na temeljiti odgovornosti za ponujene storitve in re\u0161itve.<\/li>\n<li>Visoka kakovost na\u0161ih projektov temelji na dejstvu, da isti ljudje izdelajo in vgradijo vse na\u0161e re\u0161itve.<\/li>\n<\/ul>\n<p>\n<\/div><div class=\"kc-elm kc-css-327117 row\"><div class=\"kc-elm kc-css-450781 col-12 col-md-12 column_inner\"><div class=\"kc_wrapper kc-col-inner-container\">\n<div class=\"kc-elm kc-css-178190 d-inline-block w150\">\n\t<a class=\"kc_button btn btn-primary\" href=\"https:\/\/tip95.si\/sl\/resitve\/\" target=\"_self\" title=\"Re\u0161itve\" onclick=\"\">\n\t\tPreverite na\u0161e re\u0161itve\t<\/a>\n<\/div>\n\n<div class=\"kc-elm kc-css-582878 d-inline-block w150\">\n\t<a class=\"kc_button btn btn-outline-primary wbg ml-0 ml-md-3 mt-3 mt-md-0\" href=\"https:\/\/tip95.si\/sl\/reference\/\" target=\"_self\" title=\"Reference\" onclick=\"\">\n\t\tPreglejte na\u0161e reference\t<\/a>\n<\/div>\n<\/div><\/div><\/div><\/div><\/div><\/div><\/div><\/div><\/section><section class=\"kc-elm kc-css-647044 kc_row\"><div class=\" container\"><div class=\"row\"><\/div><\/div><\/section><section class=\"kc-elm kc-css-656871 kc_row\"><div class=\" container\"><div class=\"row\"><\/div><\/div><\/section><section data-kc-equalheight=\"true\" data-kc-equalheight-align=\"middle\" class=\"kc-elm kc-css-25423 kc_row\"><div class=\" container-fluid\"><div class=\"row\"><div class=\"kc-elm kc-css-913202 col-12 col-md-6 column col-lg-5\"><div class=\"kc-col-container\"><div class=\"div-wrapper kc-elm kc-css-115149 blue-box\">\n<div class=\"kc-elm kc-css-882856 kc-title-wrap \">\n\n\t<span class=\"kc_title mont-bold\">TIP95<\/span>\n<\/div>\n\n<div class=\"kc-elm kc-css-207633 kc-title-wrap \">\n\n\t<h2 class=\"kc_title\">LOKALNO POSTAJA GLOBALNO<\/h2>\n<\/div>\n<div class=\"kc-elm kc-css-453949 kc_text_block\"><\/p>\n<p>TIP95 d.o.o., Prezra\u010devanje proizvodnih linij za izdelavo papirja in kartona<\/p>\n<p>Cesta na Lenivec 43, 6210 Se\u017eana, Slovenija<\/p>\n<p>\n<\/div><div class=\"kc-elm kc-css-93048 kc_text_block\"><\/p>\n<p><strong>ID DDV: <\/strong>SI93935935<\/p>\n<p><strong>M\u0160: <\/strong>5921813000<\/p>\n<p><strong>TRR: <\/strong>SI56 0224 1025 4772 339<\/p>\n<p>\n<\/div><\/div><\/div><\/div><div class=\"kc-elm kc-css-497577 col-12 col-md-6 column col-lg-7 p-0\"><div class=\"kc-col-container\"><div class=\"div-wrapper kc-elm kc-css-659853 \"><div class=\"kc-elm kc-css-159942 kc_shortcode kc_single_image px-2 px-md-0\">\n\n        <img decoding=\"async\" src=\"https:\/\/tip95.si\/wp-content\/uploads\/2021\/11\/tip95map.jpg\" class=\"w-100\" alt=\"\" \/>    <\/div>\n<\/div><\/div><\/div><\/div><\/div><\/section><section class=\"kc-elm kc-css-24424 kc_row\"><div class=\" container\"><div class=\"row\"><div class=\"kc-elm kc-css-461818 col-12 col-md-4 column\"><div class=\"kc-col-container\">\n<div class=\"kc-elm kc-css-217417 kc-title-wrap \">\n\n\t<h4 class=\"kc_title mont-bold\">Vodstvo<\/h4>\n<\/div>\n<div class=\"kc-elm kc-css-506849 kc_text_block\"><\/p>\n<p>Za ve\u010d informacij in sodelovanje z nami se lahko obrnete na na\u0161e vodstvo.<\/p>\n<p>\n<\/div><div class=\"kc-elm kc-css-428438 kc_text_block mont-bold\"><\/p>\n<p>+386 5 730 20 90<br \/><a href=\"mailto:managment@tip95.si\">managment@tip95.si<\/a><\/p>\n<p>\n<\/div><\/div><\/div><div class=\"kc-elm kc-css-823305 col-12 col-md-4 column\"><div class=\"kc-col-container\">\n<div class=\"kc-elm kc-css-13043 kc-title-wrap \">\n\n\t<h4 class=\"kc_title mont-bold\">Prodaja<\/h4>\n<\/div>\n<div class=\"kc-elm kc-css-93966 kc_text_block\"><\/p>\n<p>Na\u0161a prodajna slu\u017eba bo odgovorila na va\u0161a vpra\u0161anja v zvezi z na\u0161o proizvodnjo in drugimi zadevami.<\/p>\n<p>\n<\/div><div class=\"kc-elm kc-css-835723 kc_text_block mont-bold\"><\/p>\n<p>+386 5 730 20 90<br \/><a href=\"mailto:sales@tip95.si\">sales@tip95.si<\/a><\/p>\n<p>\n<\/div><\/div><\/div><div class=\"kc-elm kc-css-749067 col-12 col-md-4 column\"><div class=\"kc-col-container\">\n<div class=\"kc-elm kc-css-575993 kc-title-wrap \">\n\n\t<h4 class=\"kc_title mont-bold\">Ra\u010dunovodstvo<\/h4>\n<\/div>\n<div class=\"kc-elm kc-css-767070 kc_text_block\"><\/p>\n<p>Za administrativne informacije se obrnite na na\u0161o ra\u010dunovodsko slu\u017ebo.<\/p>\n<p>\n<\/div><div class=\"kc-elm kc-css-359931 kc_text_block mont-bold\"><\/p>\n<p>+386 5 730 20 90<br \/><a href=\"mailto:accounting@tip95.si\">accounting@tip95.si<\/a><\/p>\n<p>\n<\/div><\/div><\/div><\/div><\/div><\/section><section data-kc-equalheight=\"true\" data-kc-equalheight-align=\"middle\" id=\"vision\" data-kc-fullwidth=\"content\" class=\"kc-elm kc-css-774829 kc_row\"><div class=\" container-fluid\"><div class=\"row\"><div class=\"kc-elm kc-css-15212 col-12 col-md-6 column col-12 col-md-5\"><div class=\"kc-col-container\"><div class=\"kc-elm kc-css-345641 kc_shortcode kc_single_image vision-img\">\n\n        <img decoding=\"async\" src=\"https:\/\/tip95.si\/wp-content\/uploads\/2021\/10\/Photo_162.png\" class=\"\" alt=\"\" \/>    <\/div>\n<\/div><\/div><div class=\"kc-elm kc-css-527891 col-12 col-md-6 column col-12 col-md-5 text-vision\"><div class=\"kc-col-container\">\n<div class=\"kc-elm kc-css-259605 kc-title-wrap \">\n\n\t<h3 class=\"kc_title mont-bold\">NA\u0160A VIZIJA<\/h3>\n<\/div>\n<div class=\"kc-elm kc-css-611593 kc_text_block\"><\/p>\n<p>S \u0161tevilnimi projekti, ki se razlikujejo po velikosti, geografskih, poslovnih in okoljskih dejavnikih, smo si pridobili vedno ve\u010djo bazo znanja in izku\u0161enj, iz katere zdaj \u010drpamo na\u0161e inovacije in izku\u0161nje za nova prizadevanja.<\/p>\n<p>Na\u0161e projekte na\u010drtuje, zasnuje, izdela in montira na\u0161a ekipa, vse od za\u010detne postavitve ciljev do izvedbe in faze zagona.<\/p>\n<p>\n<\/div><\/div><\/div><\/div><\/div><\/section><section data-kc-equalheight=\"true\" data-kc-equalheight-align=\"middle\" id=\"work\" data-kc-fullwidth=\"content\" class=\"kc-elm kc-css-11288 kc_row\"><div class=\" container-fluid\"><div class=\"row\"><div class=\"kc-elm kc-css-327125 col-12 col-md-5 column work_fix order-2 order-md-1 mt-3 mt-md-0\"><div class=\"kc-col-container\">\n<div class=\"kc-elm kc-css-202003 kc-title-wrap \">\n\n\t<h3 class=\"kc_title mont-bold\">ZA\u010cNITE Z NAMI SODELOVATI ZDAJ<\/h3>\n<\/div>\n<div class=\"kc-elm kc-css-340517 kc_text_block\"><\/p>\n<p>Na\u0161e projekte na\u010drtuje, izdeluje in montira na\u0161a ekipa, vse od za\u010detne postavitve ciljev do izvedbe in faze zagona.<\/p>\n<p>\n<\/div><div class=\"kc-elm kc-css-348894 row\"><div class=\"kc-elm kc-css-64032 col-12 col-md-12 column_inner\"><div class=\"d-flex justify-content-between justify-content-md-start kc_wrapper kc-col-inner-container\">\n<div class=\"kc-elm kc-css-724870 d-inline-block w150\">\n\t<a class=\"kc_button btn btn-primary\" href=\"https:\/\/tip95.si\/sl\/povprasevanje\/\" target=\"_self\" title=\"Povpra\u0161evanje\" onclick=\"\">\n\t\tOddajte povpra\u0161evanje\t<\/a>\n<\/div>\n\n<div class=\"kc-elm kc-css-247088 d-inline-block w150L\">\n\t<a class=\"kc_button btn btn-outline-primary text-dark\" href=\"mailto:info@tip95.si\" target=\"_blank\" title=\"\" onclick=\"\">\n\t\tPostanite na\u0161 partner\t<\/a>\n<\/div>\n<\/div><\/div><\/div><\/div><\/div><div class=\"kc-elm kc-css-105404 col-12 col-md-7 column p-2 p-md-0 order-1 order-md-2\"><div class=\"kc-col-container\"><div class=\"kc-elm kc-css-618509 kc_shortcode kc_single_image\">\n\n        <img decoding=\"async\" src=\"https:\/\/tip95.si\/wp-content\/uploads\/2021\/10\/Photo_195.png\" class=\"\" alt=\"\" \/>    <\/div>\n<\/div><\/div><\/div><\/div><\/section><\/p>\n","protected":false},"excerpt":{"rendered":"<p>V podjetju Tip95 smo specialisti za procesno prezra\u010devanje za tovarne kartona in papirja z 10-letno tradicijo na vseh ve\u010djih mednarodnih trgih.<\/p>\n","protected":false},"author":12,"featured_media":2806,"parent":0,"menu_order":0,"comment_status":"closed","ping_status":"closed","template":"page-templates\/fullwidthpage.php","meta":{"_acf_changed":false,"footnotes":""},"class_list":["post-4006","page","type-page","status-publish","has-post-thumbnail","hentry"],"acf":[],"_links":{"self":[{"href":"https:\/\/tip95.si\/sl\/wp-json\/wp\/v2\/pages\/4006","targetHints":{"allow":["GET"]}}],"collection":[{"href":"https:\/\/tip95.si\/sl\/wp-json\/wp\/v2\/pages"}],"about":[{"href":"https:\/\/tip95.si\/sl\/wp-json\/wp\/v2\/types\/page"}],"author":[{"embeddable":true,"href":"https:\/\/tip95.si\/sl\/wp-json\/wp\/v2\/users\/12"}],"replies":[{"embeddable":true,"href":"https:\/\/tip95.si\/sl\/wp-json\/wp\/v2\/comments?post=4006"}],"version-history":[{"count":16,"href":"https:\/\/tip95.si\/sl\/wp-json\/wp\/v2\/pages\/4006\/revisions"}],"predecessor-version":[{"id":4554,"href":"https:\/\/tip95.si\/sl\/wp-json\/wp\/v2\/pages\/4006\/revisions\/4554"}],"wp:featuredmedia":[{"embeddable":true,"href":"https:\/\/tip95.si\/sl\/wp-json\/wp\/v2\/media\/2806"}],"wp:attachment":[{"href":"https:\/\/tip95.si\/sl\/wp-json\/wp\/v2\/media?parent=4006"}],"curies":[{"name":"wp","href":"https:\/\/api.w.org\/{rel}","templated":true}]}}