{"id":4023,"date":"2021-10-11T17:14:06","date_gmt":"2021-10-11T17:14:06","guid":{"rendered":"http:\/\/tip95.razvija.se\/process-ventilation-energy-re-use\/"},"modified":"2024-03-07T14:33:10","modified_gmt":"2024-03-07T13:33:10","slug":"procesno-prezracevanje-in-po-uporaba-energije","status":"publish","type":"page","link":"https:\/\/tip95.si\/sl\/","title":{"rendered":"PROCESNO PREZRA\u010cEVANJE IN PO-UPORABA ENERGIJE"},"content":{"rendered":"<p><section data-kc-equalheight=\"true\" data-kc-equalheight-align=\"middle\" class=\"kc-elm kc-css-128459 kc_row\"><div class=\" container-fluid\"><div class=\"row\"><div class=\"kc-elm kc-css-106619 col-12 col-md-6 column col-lg-5\"><div class=\"kc-col-container\"><div class=\"div-wrapper kc-elm kc-css-277300 blue-box\">\n<div class=\"kc-elm kc-css-643468 kc-title-wrap \">\n\n\t<span class=\"kc_title mont-bold\">Na\u0161e re\u0161itve<\/span>\n<\/div>\n\n<div class=\"kc-elm kc-css-860257 kc-title-wrap \">\n\n\t<h2 class=\"kc_title\">Positive Effects<\/h2>\n<\/div>\n<div class=\"kc-elm kc-css-513853 kc_text_block\"><\/p>\n<ul>\n<li>Decreased Overall Energy Costs<br \/>Increase in the Quality of Working Conditions<\/li>\n<li>Shorter Down-times<\/li>\n<li>Major improvement in Energy Use Efficiency<\/li>\n<li>Decrease in Maintenance Costs<\/li>\n<li>Better Quality of paper or Board<\/li>\n<\/ul>\n<p>\n<\/div><\/div><\/div><\/div><div class=\"kc-elm kc-css-702146 col-12 col-md-6 column col-lg-7\"><div class=\"kc-col-container\"><div class=\"div-wrapper kc-elm kc-css-12813 white-box\">\n<div class=\"kc-elm kc-css-69889 kc-title-wrap \">\n\n\t<span class=\"kc_title\">KAKO TO DELAMO<\/span>\n<\/div>\n\n<div class=\"kc-elm kc-css-952179 kc-title-wrap \">\n\n\t<h2 class=\"kc_title\">ACHIEVE IT<\/h2>\n<\/div>\n<div class=\"kc-elm kc-css-386009 kc_text_block\"><\/p>\n<ul>\n<li>Our team size and experience allows us to be extremely flexible, fast, responsive and reliable.<\/li>\n<li>Our biggest advantage is the know-how and superior engineering of all our solutions.<\/li>\n<li>Each project benefits from the engagement of the top team from the beginning through to the end.<\/li>\n<li>We base our cooperation with our customers on our thorough accountability for the services and solutions provided<\/li>\n<li>The high quality of our projects is based on the fact that the same people produce and install all of our solutions.<\/li>\n<\/ul>\n<p>\n<\/div><div class=\"kc-elm kc-css-524348 row\"><div class=\"kc-elm kc-css-765623 col-12 col-md-12 column_inner\"><div class=\"kc_wrapper kc-col-inner-container\">\n<div class=\"kc-elm kc-css-745999 d-inline-block w150\">\n\t<a class=\"kc_button btn btn-primary\" href=\"https:\/\/tip95.si\/sl\/soultions\/\" target=\"_self\" title=\"Soultions\" onclick=\"\">\n\t\tCheck our Solutions\t<\/a>\n<\/div>\n\n<div class=\"kc-elm kc-css-556983 d-inline-block w150\">\n\t<a class=\"kc_button btn btn-outline-primary wbg ml-0 ml-md-3\" href=\"https:\/\/tip95.si\/sl\/references\/\" target=\"_self\" title=\"References\" onclick=\"\">\n\t\tView our References\t<\/a>\n<\/div>\n<\/div><\/div><\/div><\/div><\/div><\/div><\/div><\/div><\/section><section data-kc-equalheight=\"true\" data-kc-equalheight-align=\"middle\" class=\"kc-elm kc-css-417218 kc_row\"><div class=\" container-fluid\"><div class=\"row\"><div class=\"kc-elm kc-css-262548 col-12 col-md-6 column col-lg-5\"><div class=\"kc-col-container\"><div class=\"div-wrapper kc-elm kc-css-351915 blue-box\">\n<div class=\"kc-elm kc-css-203594 kc-title-wrap \">\n\n\t<span class=\"kc_title mont-bold\">Pozitivni<\/span>\n<\/div>\n\n<div class=\"kc-elm kc-css-318974 kc-title-wrap \">\n\n\t<h2 class=\"kc_title\">u\u010dinki na\u0161ih re\u0161itev<\/h2>\n<\/div>\n<div class=\"kc-elm kc-css-581511 kc_text_block\"><\/p>\n<ul>\n<li>Zmanj\u0161ani skupni stro\u0161ki energije<\/li>\n<li>Pove\u010danje kakovosti delovnih pogojev<\/li>\n<li>Kraj\u0161i \u010dasi izpadov<\/li>\n<li>Bistveno izbolj\u0161anje u\u010dinkovitosti rabe energije<\/li>\n<li>Zmanj\u0161anje stro\u0161kov vzdr\u017eevanja<\/li>\n<li>Bolj\u0161a kakovost papirja ali kartona<\/li>\n<\/ul>\n<p>\n<\/div><\/div><\/div><\/div><div class=\"kc-elm kc-css-630452 col-12 col-md-6 column col-lg-7\"><div class=\"kc-col-container\"><div class=\"div-wrapper kc-elm kc-css-144866 white-box\">\n<div class=\"kc-elm kc-css-83461 kc-title-wrap \">\n\n\t<span class=\"kc_title\">KAKO<\/span>\n<\/div>\n\n<div class=\"kc-elm kc-css-445672 kc-title-wrap \">\n\n\t<h2 class=\"kc_title\">TO DOSEGAMO<\/h2>\n<\/div>\n<div class=\"kc-elm kc-css-776102 kc_text_block\"><\/p>\n<ul>\n<li>Velikost na\u0161e ekipe in izku\u0161nje nam omogo\u010dajo, da smo izjemno prilagodljivi, hitri, odzivni in zanesljivi.<\/li>\n<li>Na\u0161a najve\u010dja prednost je znanje in vrhunski in\u017eeniring vseh na\u0161ih re\u0161itev.<\/li>\n<li>Vsak projekt ima koristi od sodelovanja vrhunske ekipe od za\u010detka do konca.<\/li>\n<li>Sodelovanje s strankami temelji na temeljiti odgovornosti za ponujene storitve in re\u0161itve.<\/li>\n<li>Visoka kakovost na\u0161ih projektov temelji na dejstvu, da isti ljudje izdelajo in vgradijo vse na\u0161e re\u0161itve.<\/li>\n<\/ul>\n<p>\n<\/div><div class=\"kc-elm kc-css-92834 row\"><div class=\"kc-elm kc-css-283374 col-12 col-md-12 column_inner\"><div class=\"kc_wrapper kc-col-inner-container\">\n<div class=\"kc-elm kc-css-750491 d-inline-block w150\">\n\t<a class=\"kc_button btn btn-primary\" href=\"https:\/\/tip95.si\/sl\/resitve\/\" target=\"_self\" title=\"Re\u0161itve\" onclick=\"\">\n\t\tPreverite na\u0161e re\u0161itve\t<\/a>\n<\/div>\n\n<div class=\"kc-elm kc-css-824342 d-inline-block w150\">\n\t<a class=\"kc_button btn btn-outline-primary wbg ml-0 ml-md-3 mt-3 mt-md-0\" href=\"https:\/\/tip95.si\/sl\/reference\/\" target=\"_self\" title=\"Reference\" onclick=\"\">\n\t\tPreglejte na\u0161e reference\t<\/a>\n<\/div>\n<\/div><\/div><\/div><\/div><\/div><\/div><\/div><\/div><\/section><section class=\"kc-elm kc-css-294185 kc_row\"><div class=\" container\"><div class=\"row\"><\/div><\/div><\/section><section class=\"kc-elm kc-css-427800 kc_row\"><div class=\" container\"><div class=\"row\"><\/div><\/div><\/section><section data-kc-equalheight=\"true\" data-kc-equalheight-align=\"middle\" id=\"support\" data-kc-fullwidth=\"content\" class=\"kc-elm kc-css-907409 kc_row\"><div class=\" container-fluid\"><div class=\"row\"><div class=\"kc-elm kc-css-982284 col-12 col-md-7 column pl-md-0\"><div class=\"left-box kc-col-container\"><div class=\"kc-elm kc-css-496857 kc_shortcode kc_single_image\">\n\n        <img decoding=\"async\" src=\"https:\/\/tip95.si\/wp-content\/uploads\/2021\/10\/cs.png\" class=\"\" alt=\"\" \/>    <\/div>\n<\/div><\/div><div class=\"kc-elm kc-css-581785 col-12 col-md-5 column mt-3 mt-md-0\"><div class=\"right-box kc-col-container\">\n<div class=\"kc-elm kc-css-82942 kc-title-wrap \">\n\n\t<h1 class=\"kc_title\"><span class=\"blue-heading\">PODPORA STRANKAM. <\/span>TO TUDI PO\u010cNEMO!<\/h1>\n<\/div>\n<div class=\"kc-elm kc-css-196943 kc_text_block\"><\/p>\n<p>Ker vemo, da je stranka odgovorna za neprekinjeno delovanje papirnega stroja, smo zavezani k zagotavljanju optimiziranega delovanja prezra\u010devalnih sistemov na\u0161ih strojev.<\/p>\n<p>\n<\/div>\n<div class=\"kc-elm kc-css-377288\">\n\t<a class=\"kc_button btn btn-primary\" href=\"https:\/\/tip95.si\/sl\/podpora\/\" target=\"_self\" title=\"Podpora\" onclick=\"\">\n\t\tPreberite ve\u010d\t<\/a>\n<\/div>\n<\/div><\/div><\/div><\/div><\/section><\/p>\n","protected":false},"excerpt":{"rendered":"<p>Smo specialisti za procesno prezra\u010devanje za tovarne kartona in papirja z ve\u010d kot 25-letno tradicijo na vseh ve\u010djih mednarodnih trgih.<\/p>\n","protected":false},"author":12,"featured_media":2552,"parent":0,"menu_order":0,"comment_status":"closed","ping_status":"closed","template":"page-templates\/fullwidthpage.php","meta":{"_acf_changed":false,"footnotes":""},"class_list":["post-4023","page","type-page","status-publish","has-post-thumbnail","hentry"],"acf":[],"_links":{"self":[{"href":"https:\/\/tip95.si\/sl\/wp-json\/wp\/v2\/pages\/4023","targetHints":{"allow":["GET"]}}],"collection":[{"href":"https:\/\/tip95.si\/sl\/wp-json\/wp\/v2\/pages"}],"about":[{"href":"https:\/\/tip95.si\/sl\/wp-json\/wp\/v2\/types\/page"}],"author":[{"embeddable":true,"href":"https:\/\/tip95.si\/sl\/wp-json\/wp\/v2\/users\/12"}],"replies":[{"embeddable":true,"href":"https:\/\/tip95.si\/sl\/wp-json\/wp\/v2\/comments?post=4023"}],"version-history":[{"count":21,"href":"https:\/\/tip95.si\/sl\/wp-json\/wp\/v2\/pages\/4023\/revisions"}],"predecessor-version":[{"id":4553,"href":"https:\/\/tip95.si\/sl\/wp-json\/wp\/v2\/pages\/4023\/revisions\/4553"}],"wp:featuredmedia":[{"embeddable":true,"href":"https:\/\/tip95.si\/sl\/wp-json\/wp\/v2\/media\/2552"}],"wp:attachment":[{"href":"https:\/\/tip95.si\/sl\/wp-json\/wp\/v2\/media?parent=4023"}],"curies":[{"name":"wp","href":"https:\/\/api.w.org\/{rel}","templated":true}]}}