{"id":4042,"date":"2022-10-28T09:25:32","date_gmt":"2022-10-28T09:25:32","guid":{"rendered":"http:\/\/tip95.razvija.se\/?page_id=4042"},"modified":"2024-03-07T14:39:09","modified_gmt":"2024-03-07T13:39:09","slug":"resitve","status":"publish","type":"page","link":"https:\/\/tip95.si\/sl\/resitve\/","title":{"rendered":"Re\u0161itve"},"content":{"rendered":"<p><section data-kc-equalheight=\"true\" data-kc-equalheight-align=\"middle\" id=\"support\" data-kc-fullwidth=\"content\" class=\"kc-elm kc-css-226150 kc_row\"><div class=\" container-fluid\"><div class=\"row\"><div class=\"kc-elm kc-css-254925 col-12 col-md-7 column support-padding\"><div class=\"left-box kc-col-container\"><div class=\"kc-elm kc-css-884600 kc_shortcode kc_single_image\">\n\n        <img decoding=\"async\" src=\"https:\/\/tip95.si\/wp-content\/uploads\/2024\/03\/havba_3-1.jpg\" class=\"\" alt=\"\" \/>    <\/div>\n<\/div><\/div><div class=\"kc-elm kc-css-733005 col-12 col-md-5 column\"><div class=\"right-box mt-3 mt-md-0 kc-col-container\">\n<div class=\"kc-elm kc-css-52785 kc-title-wrap \">\n\n\t<h3 class=\"kc_title mont-bold\">ZAPRTE IZOLIRANE NAPE<\/h3>\n<\/div>\n<div class=\"kc-elm kc-css-839576 kc_text_block\"><\/p>\n<p>Znatni prihranki zaradi pove\u010dane energetske u\u010dinkovitosti.<\/p>\n<p>\n<\/div>\n<div class=\"kc-elm kc-css-899364\">\n\t<a class=\"kc_button btn btn-primary\" href=\"https:\/\/tip95.si\/sl\/resitve\/zaprte-izolirane-nape\/\" target=\"_self\" title=\"Zaprte izolirane nape\" onclick=\"\">\n\t\tPreberite ve\u010d\t<\/a>\n<\/div>\n<\/div><\/div><\/div><\/div><\/section><section data-kc-equalheight=\"true\" data-kc-equalheight-align=\"middle\" id=\"support-right\" data-kc-fullwidth=\"content\" class=\"kc-elm kc-css-284727 kc_row\"><div class=\" container-fluid\"><div class=\"row\"><div class=\"kc-elm kc-css-208909 col-12 col-md-5 column d-flex justify-content-end order-2 order-md-1\"><div class=\"left-box mt-3 mt-md-0 kc-col-container\">\n<div class=\"kc-elm kc-css-252026 kc-title-wrap \">\n\n\t<h3 class=\"kc_title mont-bold\">TOPLOTNI REKUPERATORJI<\/h3>\n<\/div>\n<div class=\"kc-elm kc-css-525199 kc_text_block\"><\/p>\n<p>Energijo, vlo\u017eeno v proces su\u0161enja, lahko ponovno u\u010dinkovito uporabimo s pomo\u010djo na\u0161ih izjemno vzdr\u017eljivih in u\u010dinkovitih izmenjevalnikov toplote.<\/p>\n<p>\n<\/div>\n<div class=\"kc-elm kc-css-182303\">\n\t<a class=\"kc_button btn btn-primary\" href=\"https:\/\/tip95.si\/sl\/resitve\/toplotni-rekuperatorji\/\" target=\"_self\" title=\"HEAT RECOVERY SYSTEMS\" onclick=\"\">\n\t\tPreberite ve\u010d\t<\/a>\n<\/div>\n<\/div><\/div><div class=\"kc-elm kc-css-174065 col-12 col-md-7 column p-md-0 order-1 order-md-2\"><div class=\"right-box kc-col-container\"><div class=\"kc-elm kc-css-625635 kc_shortcode kc_single_image\">\n\n        <img decoding=\"async\" src=\"https:\/\/tip95.si\/wp-content\/uploads\/2024\/03\/rekuperacija_3.jpg\" class=\"\" alt=\"\" \/>    <\/div>\n<\/div><\/div><\/div><\/div><\/section><section data-kc-equalheight=\"true\" data-kc-equalheight-align=\"middle\" id=\"support\" data-kc-fullwidth=\"content\" class=\"kc-elm kc-css-184607 kc_row\"><div class=\" container-fluid\"><div class=\"row\"><div class=\"kc-elm kc-css-303744 col-12 col-md-7 column support-padding\"><div class=\"left-box kc-col-container\"><div class=\"kc-elm kc-css-703310 kc_shortcode kc_single_image\">\n\n        <img decoding=\"async\" src=\"https:\/\/tip95.si\/wp-content\/uploads\/2024\/03\/stabilizacija_4.jpg\" class=\"\" alt=\"\" \/>    <\/div>\n<\/div><\/div><div class=\"kc-elm kc-css-471114 col-12 col-md-5 column\"><div class=\"right-box mt-3 mt-md-0 kc-col-container\">\n<div class=\"kc-elm kc-css-202791 kc-title-wrap \">\n\n\t<h3 class=\"kc_title mont-bold\">PREZRA\u010cEVANJE PROCESA IN STABILIZACIJA PAPIRJA<\/h3>\n<\/div>\n<div class=\"kc-elm kc-css-681446 kc_text_block\"><\/p>\n<p>Namen \u017eepnega prezra\u010devalnega sistema je optimizirati proces su\u0161enja in delovanje stroja ter se izogniti plapolanju in gubam.<\/p>\n<p>\n<\/div>\n<div class=\"kc-elm kc-css-317168\">\n\t<a class=\"kc_button btn btn-primary\" href=\"https:\/\/tip95.si\/sl\/resitve\/prezracevanje-procesa-in-stabilizacija-papirja\/\" target=\"_self\" title=\"PREZRA\u010cEVANJE PROCESA IN STABILIZACIJA PAPIRJA\" onclick=\"\">\n\t\tPreberite ve\u010d\t<\/a>\n<\/div>\n<\/div><\/div><\/div><\/div><\/section><section data-kc-equalheight=\"true\" data-kc-equalheight-align=\"middle\" id=\"support-right\" data-kc-fullwidth=\"content\" class=\"kc-elm kc-css-215178 kc_row\"><div class=\" container-fluid\"><div class=\"row\"><div class=\"kc-elm kc-css-53316 col-12 col-md-5 column d-flex justify-content-end order-2 order-md-1\"><div class=\"left-box mt-3 mt-md-0 kc-col-container\">\n<div class=\"kc-elm kc-css-884113 kc-title-wrap \">\n\n\t<h3 class=\"kc_title mont-bold\">PREZRA\u010cEVALNI SISTEMI PROIZVODNIH HAL<\/h3>\n<\/div>\n<div class=\"kc-elm kc-css-181667 kc_text_block\"><\/p>\n<p>Naj gre za obstoje\u010do proizvodno halo ali novo proizvodno lokacijo, lahko na\u0161i strokovnjaki za prezra\u010devanje ustvarijo ra\u010dunalni\u0161ki model situacije v hali, prepoznajo problemati\u010dna podro\u010dja in jih nevtralizirajo z zasnovo optimalnega prezra\u010devanja.<\/p>\n<p>\n<\/div>\n<div class=\"kc-elm kc-css-469063\">\n\t<a class=\"kc_button btn btn-primary\" href=\"https:\/\/tip95.si\/sl\/resitve\/prezracevalni-sistemi-proizvodnih-hal\/\" target=\"_self\" title=\"PRODUCTION HALL VENTILATION SYSTEMS\" onclick=\"\">\n\t\tPreberite ve\u010d\t<\/a>\n<\/div>\n<\/div><\/div><div class=\"kc-elm kc-css-105789 col-12 col-md-7 column p-md-0 order-1 order-md-2\"><div class=\"right-box kc-col-container\"><div class=\"kc-elm kc-css-778066 kc_shortcode kc_single_image\">\n\n        <img decoding=\"async\" src=\"https:\/\/tip95.si\/wp-content\/uploads\/2024\/03\/ventilacija_3.jpg\" class=\"\" alt=\"\" \/>    <\/div>\n<\/div><\/div><\/div><\/div><\/section><section data-kc-equalheight=\"true\" data-kc-equalheight-align=\"middle\" id=\"support\" data-kc-fullwidth=\"content\" class=\"kc-elm kc-css-246563 kc_row\"><div class=\" container-fluid\"><div class=\"row\"><div class=\"kc-elm kc-css-513938 col-12 col-md-7 column support-padding\"><div class=\"left-box kc-col-container\"><div class=\"kc-elm kc-css-993036 kc_shortcode kc_single_image\">\n\n        <img decoding=\"async\" src=\"https:\/\/tip95.si\/wp-content\/uploads\/2024\/03\/other_solutions_1.jpg\" class=\"\" alt=\"\" \/>    <\/div>\n<\/div><\/div><div class=\"kc-elm kc-css-366936 col-12 col-md-5 column\"><div class=\"right-box mt-3 mt-md-0 kc-col-container\">\n<div class=\"kc-elm kc-css-348479 kc-title-wrap \">\n\n\t<h3 class=\"kc_title mont-bold\">DRUGE RE\u0160ITVE<\/h3>\n<\/div>\n<div class=\"kc-elm kc-css-526353 kc_text_block\"><\/p>\n<p>Zavezani smo re\u0161evanju drugih te\u017eav, s katerimi se soo\u010dajo stranke, kot so sistem za zmanj\u0161anje hrupa, vstavljanje niti za papir, delne obnove stroja itd.<\/p>\n<p>\n<\/div>\n<div class=\"kc-elm kc-css-502970\">\n\t<a class=\"kc_button btn btn-primary\" href=\"https:\/\/tip95.si\/sl\/resitve\/druge-resitve\/\" target=\"_self\" title=\"DRUGE RE\u0160ITVE\" onclick=\"\">\n\t\tPreberite ve\u010d\t<\/a>\n<\/div>\n<\/div><\/div><\/div><\/div><\/section><section data-kc-equalheight=\"true\" data-kc-equalheight-align=\"middle\" class=\"kc-elm kc-css-794351 kc_row\"><div class=\" container-fluid\"><div class=\"row\"><div class=\"kc-elm kc-css-398176 col-12 col-md-6 column col-lg-5\"><div class=\"kc-col-container\"><div class=\"div-wrapper kc-elm kc-css-191340 blue-box\">\n<div class=\"kc-elm kc-css-459989 kc-title-wrap \">\n\n\t<span class=\"kc_title mont-bold\">Pozitivni<\/span>\n<\/div>\n\n<div class=\"kc-elm kc-css-860169 kc-title-wrap \">\n\n\t<h2 class=\"kc_title\">u\u010dinki na\u0161ih re\u0161itev<\/h2>\n<\/div>\n<div class=\"kc-elm kc-css-938672 kc_text_block\"><\/p>\n<ul>\n<li>Zmanj\u0161ani skupni stro\u0161ki energije<\/li>\n<li>Pove\u010danje kakovosti delovnih pogojev<\/li>\n<li>Kraj\u0161i \u010dasi izpadov<\/li>\n<li>Bistveno izbolj\u0161anje u\u010dinkovitosti rabe energije<\/li>\n<li>Zmanj\u0161anje stro\u0161kov vzdr\u017eevanja<\/li>\n<li>Bolj\u0161a kakovost papirja ali kartona<\/li>\n<\/ul>\n<p>\n<\/div><\/div><\/div><\/div><div class=\"kc-elm kc-css-111206 col-12 col-md-6 column col-lg-7\"><div class=\"kc-col-container\"><div class=\"div-wrapper kc-elm kc-css-657631 white-box\">\n<div class=\"kc-elm kc-css-807802 kc-title-wrap \">\n\n\t<span class=\"kc_title\">KAKO<\/span>\n<\/div>\n\n<div class=\"kc-elm kc-css-235731 kc-title-wrap \">\n\n\t<h2 class=\"kc_title\">TO DOSEGAMO<\/h2>\n<\/div>\n<div class=\"kc-elm kc-css-976484 kc_text_block\"><\/p>\n<ul>\n<li>Velikost na\u0161e ekipe in izku\u0161nje nam omogo\u010dajo, da smo izjemno prilagodljivi, hitri, odzivni in zanesljivi.<\/li>\n<li>Na\u0161a najve\u010dja prednost je znanje in vrhunski in\u017eeniring vseh na\u0161ih re\u0161itev.<\/li>\n<li>Vsak projekt ima koristi od sodelovanja vrhunske ekipe od za\u010detka do konca.<\/li>\n<li>Sodelovanje s strankami temelji na temeljiti odgovornosti za ponujene storitve in re\u0161itve.<\/li>\n<li>Visoka kakovost na\u0161ih projektov temelji na dejstvu, da isti ljudje izdelajo in vgradijo vse na\u0161e re\u0161itve.<\/li>\n<\/ul>\n<p>\n<\/div><div class=\"kc-elm kc-css-524596 row\"><div class=\"kc-elm kc-css-165385 col-12 col-md-12 column_inner\"><div class=\"kc_wrapper kc-col-inner-container\">\n<div class=\"kc-elm kc-css-132124 d-inline-block w150\">\n\t<a class=\"kc_button btn btn-outline-primary wbg ml-0 ml-md-3\" href=\"https:\/\/tip95.si\/sl\/reference\/\" target=\"_self\" title=\"Reference\" onclick=\"\">\n\t\tPreglejte na\u0161e reference\t<\/a>\n<\/div>\n<\/div><\/div><\/div><\/div><\/div><\/div><\/div><\/div><\/section><section id=\"process\" class=\"kc-elm kc-css-286230 kc_row\"><div class=\" container\"><div class=\"row\"><div class=\"kc-elm kc-css-465720 col-12 col-md-12 column\"><div class=\"kc-col-container\">\n<div class=\"kc-elm kc-css-819265 kc-title-wrap \">\n\n\t<h4 class=\"kc_title\">PROJEKTI<\/h4>\n<\/div>\n\n<div class=\"kc-elm kc-css-494698 kc-title-wrap \">\n\n\t<h3 class=\"kc_title\">PROCES POTEKA PROJEKTA<\/h3>\n<\/div>\n<div class=\"kc-elm kc-css-972182 kc_text_block\"><\/p>\n<p>\nSed ut perspiciatis iste natus error sunt in culpa qui officia deserunt.<\/p>\n<p>\n<\/div><div class=\"clear\"><\/div>\n<!-- REMOVE FIXED LAYOUT GRID 7  -->\n<div class=\"mod-id-503565 kc-elm kc-css-503565 kc-raw-code emigma-icon-box-outer\">\n    <div class=\"layout-grid-7 align-items-start\">\n                <div class=\"item d-flex flex-column justify-content-end align-items-center text-left\">\n                        <div class=\"item-icon xx\">\n                <svg xmlns=\"http:\/\/www.w3.org\/2000\/svg\" width=\"49.058\" height=\"49.058\" viewBox=\"0 0 49.058 49.058\"><defs><style>.a{fill:#cfcfcf;}<\/style><\/defs><path class=\"a\" d=\"M3,41.836V52.055H13.219L43.358,21.916,33.139,11.7ZM51.261,14.014a2.714,2.714,0,0,0,0-3.842L44.884,3.795a2.714,2.714,0,0,0-3.842,0L36.055,8.781,46.274,19l4.987-4.987Z\" transform=\"translate(-3 -2.998)\"\/><\/svg>            <\/div>\n                        \n            <div class=\"item-content\">\n                                <p class=\"mb-0 mt-1 text-center\">1. Tehni\u010dna razprava in ocena stro\u0161kov<\/p>                \n            <\/div>\n\n                \n\n        <\/div>\n                <div class=\"item d-flex flex-column justify-content-end align-items-center text-left\">\n                        <div class=\"item-icon xx\">\n                <svg xmlns=\"http:\/\/www.w3.org\/2000\/svg\" width=\"49.058\" height=\"49.058\" viewBox=\"0 0 49.058 49.058\"><defs><style>.a{fill:#cfcfcf;}<\/style><\/defs><path class=\"a\" d=\"M3,41.836V52.055H13.219L43.358,21.916,33.139,11.7ZM51.261,14.014a2.714,2.714,0,0,0,0-3.842L44.884,3.795a2.714,2.714,0,0,0-3.842,0L36.055,8.781,46.274,19l4.987-4.987Z\" transform=\"translate(-3 -2.998)\"\/><\/svg>            <\/div>\n                        \n            <div class=\"item-content\">\n                                <p class=\"mb-0 mt-1 text-center\">2. In\u017eeniring<\/p>                \n            <\/div>\n\n                \n\n        <\/div>\n                <div class=\"item d-flex flex-column justify-content-end align-items-center text-left\">\n                        <div class=\"item-icon xx\">\n                <svg xmlns=\"http:\/\/www.w3.org\/2000\/svg\" width=\"48.762\" height=\"49.058\" viewBox=\"0 0 48.762 49.058\"><defs><style>.a{fill:#cfcfcf;}<\/style><\/defs><path class=\"a\" d=\"M48.415,39.856,28.154,19.594a14.29,14.29,0,0,0-3.34-15.363A14.719,14.719,0,0,0,8.337,1.336l9.574,9.574-6.68,6.68-9.8-9.574A14.35,14.35,0,0,0,4.329,24.493a14.29,14.29,0,0,0,15.363,3.34L39.954,48.094a2.152,2.152,0,0,0,3.117,0l5.121-5.121a2.006,2.006,0,0,0,.223-3.117Z\" transform=\"translate(48.762) rotate(90)\"\/><\/svg>            <\/div>\n                        \n            <div class=\"item-content\">\n                                <p class=\"mb-0 mt-1 text-center\">3. Proizvodnja \/ proizvodni proces<\/p>                \n            <\/div>\n\n                \n\n        <\/div>\n                <div class=\"item d-flex flex-column justify-content-end align-items-center text-left\">\n                        <div class=\"item-icon xx\">\n                <svg xmlns=\"http:\/\/www.w3.org\/2000\/svg\" width=\"57.841\" height=\"57.841\" viewBox=\"0 0 57.841 57.841\"><defs><style>.a{fill:#cfcfcf;}<\/style><\/defs><path class=\"a\" d=\"M.021,37.754,44.046,18.877.021,0,0,14.682l31.461,4.195L0,23.072Z\" transform=\"translate(0 31.146) rotate(-45)\"\/><\/svg>            <\/div>\n                        \n            <div class=\"item-content\">\n                                <p class=\"mb-0 mt-1 text-center\">4. Dobava<\/p>                \n            <\/div>\n\n                \n\n        <\/div>\n                <div class=\"item d-flex flex-column justify-content-end align-items-center text-left\">\n                        <div class=\"item-icon xx\">\n                <svg xmlns=\"http:\/\/www.w3.org\/2000\/svg\" width=\"49.058\" height=\"33.448\" viewBox=\"0 0 49.058 33.448\"><defs><style>.a{fill:#cfcfcf;}<\/style><\/defs><path class=\"a\" d=\"M25.529,4.5A26.373,26.373,0,0,0,1,21.224a26.35,26.35,0,0,0,49.058,0A26.373,26.373,0,0,0,25.529,4.5Zm0,27.874A11.149,11.149,0,1,1,36.678,21.224,11.154,11.154,0,0,1,25.529,32.374Zm0-17.839a6.69,6.69,0,1,0,6.69,6.69A6.681,6.681,0,0,0,25.529,14.535Z\" transform=\"translate(-1 -4.5)\"\/><\/svg>            <\/div>\n                        \n            <div class=\"item-content\">\n                                <p class=\"mb-0 mt-1 text-center\">5. Nadzor namestitve<\/p>                \n            <\/div>\n\n                \n\n        <\/div>\n                <div class=\"item d-flex flex-column justify-content-end align-items-center text-left\">\n                        <div class=\"item-icon xx\">\n                <svg xmlns=\"http:\/\/www.w3.org\/2000\/svg\" width=\"34.274\" height=\"41.891\" viewBox=\"0 0 34.274 41.891\"><defs><style>.a{fill:#cfcfcf;}<\/style><\/defs><path class=\"a\" d=\"M33.466,3.808H25.507a5.69,5.69,0,0,0-10.739,0H6.808A3.819,3.819,0,0,0,3,7.617V38.083a3.819,3.819,0,0,0,3.808,3.808H33.466a3.819,3.819,0,0,0,3.808-3.808V7.617A3.819,3.819,0,0,0,33.466,3.808Zm-13.329,0a1.9,1.9,0,1,1-1.9,1.9A1.91,1.91,0,0,1,20.137,3.808ZM33.466,38.083H6.808V7.617h3.808v5.712H29.658V7.617h3.808Z\" transform=\"translate(-3)\"\/><\/svg>            <\/div>\n                        \n            <div class=\"item-content\">\n                                <p class=\"mb-0 mt-1 text-center\">6. Zagon in test FAT<\/p>                \n            <\/div>\n\n                \n\n        <\/div>\n                <div class=\"item d-flex flex-column justify-content-end align-items-center text-left\">\n                        <div class=\"item-icon xx\">\n                <svg xmlns=\"http:\/\/www.w3.org\/2000\/svg\" width=\"41.79\" height=\"37.991\" viewBox=\"0 0 41.79 37.991\"><defs><style>.a{fill:#cfcfcf;}<\/style><\/defs><path class=\"a\" d=\"M1,38.991H8.6V16.2H1ZM42.79,18.1a3.81,3.81,0,0,0-3.8-3.8H27l1.8-8.681.057-.608a2.859,2.859,0,0,0-.836-2.014L26.017,1l-12.5,12.518A3.714,3.714,0,0,0,12.4,16.2v19a3.81,3.81,0,0,0,3.8,3.8h17.1a3.773,3.773,0,0,0,3.5-2.317l5.737-13.392a3.753,3.753,0,0,0,.266-1.387V18.267l-.019-.019Z\" transform=\"translate(-1 -1)\"\/><\/svg>            <\/div>\n                        \n            <div class=\"item-content\">\n                                <p class=\"mb-0 mt-1 text-center\">7. Prevzemni zapisnik<\/p>                \n            <\/div>\n\n                \n\n        <\/div>\n            <\/div>\n<\/div>\n<div class=\"clear\"><\/div><\/div><\/div><\/div><\/div><\/section><section id=\"process\" class=\"kc-elm kc-css-535949 kc_row\"><div class=\" container\"><div class=\"row\"><div class=\"kc-elm kc-css-725326 col-12 col-md-12 column\"><div class=\"kc-col-container\">\n<div class=\"kc-elm kc-css-872808 kc-title-wrap \">\n\n\t<h4 class=\"kc_title\">PROJEKTI<\/h4>\n<\/div>\n\n<div class=\"kc-elm kc-css-260600 kc-title-wrap \">\n\n\t<h3 class=\"kc_title\">PROCES POTEKA PROJEKTA<\/h3>\n<\/div>\n<div class=\"kc-elm kc-css-493191 kc_text_block\"><\/p>\n<p>\n<\/div><div class=\"clear\"><\/div>\n<!-- REMOVE FIXED LAYOUT GRID 7  -->\n<div class=\"mod-id-900176 kc-elm kc-css-900176 kc-raw-code emigma-icon-box-outer\">\n    <div class=\"layout-grid-7 align-items-start\">\n                <div class=\"item d-flex flex-column justify-content-end align-items-center text-left\">\n                        <div class=\"item-icon xx\">\n                <svg xmlns=\"http:\/\/www.w3.org\/2000\/svg\" width=\"49.058\" height=\"49.058\" viewBox=\"0 0 49.058 49.058\"><defs><style>.a{fill:#cfcfcf;}<\/style><\/defs><path class=\"a\" d=\"M3,41.836V52.055H13.219L43.358,21.916,33.139,11.7ZM51.261,14.014a2.714,2.714,0,0,0,0-3.842L44.884,3.795a2.714,2.714,0,0,0-3.842,0L36.055,8.781,46.274,19l4.987-4.987Z\" transform=\"translate(-3 -2.998)\"\/><\/svg>            <\/div>\n                        \n            <div class=\"item-content\">\n                                <p class=\"mb-0 mt-1 text-center\">1. Tehni\u010dna razprava in ocena stro\u0161kov<\/p>                \n            <\/div>\n\n                \n\n        <\/div>\n                <div class=\"item d-flex flex-column justify-content-end align-items-center text-left\">\n                        <div class=\"item-icon xx\">\n                <svg xmlns=\"http:\/\/www.w3.org\/2000\/svg\" width=\"49.058\" height=\"49.058\" viewBox=\"0 0 49.058 49.058\"><defs><style>.a{fill:#cfcfcf;}<\/style><\/defs><path class=\"a\" d=\"M3,41.836V52.055H13.219L43.358,21.916,33.139,11.7ZM51.261,14.014a2.714,2.714,0,0,0,0-3.842L44.884,3.795a2.714,2.714,0,0,0-3.842,0L36.055,8.781,46.274,19l4.987-4.987Z\" transform=\"translate(-3 -2.998)\"\/><\/svg>            <\/div>\n                        \n            <div class=\"item-content\">\n                                <p class=\"mb-0 mt-1 text-center\">2. In\u017eeniring<\/p>                \n            <\/div>\n\n                \n\n        <\/div>\n                <div class=\"item d-flex flex-column justify-content-end align-items-center text-left\">\n                        <div class=\"item-icon xx\">\n                <svg xmlns=\"http:\/\/www.w3.org\/2000\/svg\" width=\"48.762\" height=\"49.058\" viewBox=\"0 0 48.762 49.058\"><defs><style>.a{fill:#cfcfcf;}<\/style><\/defs><path class=\"a\" d=\"M48.415,39.856,28.154,19.594a14.29,14.29,0,0,0-3.34-15.363A14.719,14.719,0,0,0,8.337,1.336l9.574,9.574-6.68,6.68-9.8-9.574A14.35,14.35,0,0,0,4.329,24.493a14.29,14.29,0,0,0,15.363,3.34L39.954,48.094a2.152,2.152,0,0,0,3.117,0l5.121-5.121a2.006,2.006,0,0,0,.223-3.117Z\" transform=\"translate(48.762) rotate(90)\"\/><\/svg>            <\/div>\n                        \n            <div class=\"item-content\">\n                                <p class=\"mb-0 mt-1 text-center\">3. Proizvodnja \/ proizvodni proces<\/p>                \n            <\/div>\n\n                \n\n        <\/div>\n                <div class=\"item d-flex flex-column justify-content-end align-items-center text-left\">\n                        <div class=\"item-icon xx\">\n                <svg xmlns=\"http:\/\/www.w3.org\/2000\/svg\" width=\"57.841\" height=\"57.841\" viewBox=\"0 0 57.841 57.841\"><defs><style>.a{fill:#cfcfcf;}<\/style><\/defs><path class=\"a\" d=\"M.021,37.754,44.046,18.877.021,0,0,14.682l31.461,4.195L0,23.072Z\" transform=\"translate(0 31.146) rotate(-45)\"\/><\/svg>            <\/div>\n                        \n            <div class=\"item-content\">\n                                <p class=\"mb-0 mt-1 text-center\">4. Dobava<\/p>                \n            <\/div>\n\n                \n\n        <\/div>\n                <div class=\"item d-flex flex-column justify-content-end align-items-center text-left\">\n                        <div class=\"item-icon xx\">\n                <svg xmlns=\"http:\/\/www.w3.org\/2000\/svg\" width=\"49.058\" height=\"33.448\" viewBox=\"0 0 49.058 33.448\"><defs><style>.a{fill:#cfcfcf;}<\/style><\/defs><path class=\"a\" d=\"M25.529,4.5A26.373,26.373,0,0,0,1,21.224a26.35,26.35,0,0,0,49.058,0A26.373,26.373,0,0,0,25.529,4.5Zm0,27.874A11.149,11.149,0,1,1,36.678,21.224,11.154,11.154,0,0,1,25.529,32.374Zm0-17.839a6.69,6.69,0,1,0,6.69,6.69A6.681,6.681,0,0,0,25.529,14.535Z\" transform=\"translate(-1 -4.5)\"\/><\/svg>            <\/div>\n                        \n            <div class=\"item-content\">\n                                <p class=\"mb-0 mt-1 text-center\">5. Nadzor namestitve<\/p>                \n            <\/div>\n\n                \n\n        <\/div>\n                <div class=\"item d-flex flex-column justify-content-end align-items-center text-left\">\n                        <div class=\"item-icon xx\">\n                <svg xmlns=\"http:\/\/www.w3.org\/2000\/svg\" width=\"34.274\" height=\"41.891\" viewBox=\"0 0 34.274 41.891\"><defs><style>.a{fill:#cfcfcf;}<\/style><\/defs><path class=\"a\" d=\"M33.466,3.808H25.507a5.69,5.69,0,0,0-10.739,0H6.808A3.819,3.819,0,0,0,3,7.617V38.083a3.819,3.819,0,0,0,3.808,3.808H33.466a3.819,3.819,0,0,0,3.808-3.808V7.617A3.819,3.819,0,0,0,33.466,3.808Zm-13.329,0a1.9,1.9,0,1,1-1.9,1.9A1.91,1.91,0,0,1,20.137,3.808ZM33.466,38.083H6.808V7.617h3.808v5.712H29.658V7.617h3.808Z\" transform=\"translate(-3)\"\/><\/svg>            <\/div>\n                        \n            <div class=\"item-content\">\n                                <p class=\"mb-0 mt-1 text-center\">6. Zagon in test FAT<\/p>                \n            <\/div>\n\n                \n\n        <\/div>\n                <div class=\"item d-flex flex-column justify-content-end align-items-center text-left\">\n                        <div class=\"item-icon xx\">\n                <svg xmlns=\"http:\/\/www.w3.org\/2000\/svg\" width=\"41.79\" height=\"37.991\" viewBox=\"0 0 41.79 37.991\"><defs><style>.a{fill:#cfcfcf;}<\/style><\/defs><path class=\"a\" d=\"M1,38.991H8.6V16.2H1ZM42.79,18.1a3.81,3.81,0,0,0-3.8-3.8H27l1.8-8.681.057-.608a2.859,2.859,0,0,0-.836-2.014L26.017,1l-12.5,12.518A3.714,3.714,0,0,0,12.4,16.2v19a3.81,3.81,0,0,0,3.8,3.8h17.1a3.773,3.773,0,0,0,3.5-2.317l5.737-13.392a3.753,3.753,0,0,0,.266-1.387V18.267l-.019-.019Z\" transform=\"translate(-1 -1)\"\/><\/svg>            <\/div>\n                        \n            <div class=\"item-content\">\n                                <p class=\"mb-0 mt-1 text-center\">7. Prevzemni zapisnik<\/p>                \n            <\/div>\n\n                \n\n        <\/div>\n            <\/div>\n<\/div>\n<div class=\"clear\"><\/div><\/div><\/div><\/div><\/div><\/section><section class=\"kc-elm kc-css-35629 kc_row\"><div class=\" container\"><div class=\"row\"><\/div><\/div><\/section><section data-kc-equalheight=\"true\" data-kc-equalheight-align=\"middle\" id=\"support\" data-kc-fullwidth=\"content\" class=\"kc-elm kc-css-171221 kc_row\"><div class=\" container-fluid\"><div class=\"row\"><div class=\"kc-elm kc-css-260083 col-12 col-md-7 column pl-md-0\"><div class=\"left-box kc-col-container\"><div class=\"kc-elm kc-css-803282 kc_shortcode kc_single_image\">\n\n        <img decoding=\"async\" src=\"https:\/\/tip95.si\/wp-content\/uploads\/2021\/10\/cs.png\" class=\"\" alt=\"\" \/>    <\/div>\n<\/div><\/div><div class=\"kc-elm kc-css-302286 col-12 col-md-5 column mt-3 mt-md-0\"><div class=\"right-box kc-col-container\">\n<div class=\"kc-elm kc-css-316081 kc-title-wrap \">\n\n\t<h1 class=\"kc_title\"><span class=\"blue-heading\">PODPORA STRANKAM. <\/span>TO TUDI PO\u010cNEMO!<\/h1>\n<\/div>\n<div class=\"kc-elm kc-css-201718 kc_text_block\"><\/p>\n<p>Ker vemo, da je stranka odgovorna za neprekinjeno delovanje papirnega stroja, smo zavezani k zagotavljanju optimiziranega delovanja prezra\u010devalnih sistemov na\u0161ih strojev.<\/p>\n<p>\n<\/div>\n<div class=\"kc-elm kc-css-571561\">\n\t<a class=\"kc_button btn btn-primary\" href=\"https:\/\/tip95.si\/sl\/podpora\/\" target=\"_self\" title=\"Podpora\" onclick=\"\">\n\t\tPreberite ve\u010d\t<\/a>\n<\/div>\n<\/div><\/div><\/div><\/div><\/section><\/p>\n","protected":false},"excerpt":{"rendered":"<p>Nape in prezra\u010devalni sistemi za papirne stroje, sistemi za rekuperacijo toplote, \u017eepno prezra\u010devanje in stabilizatorji listov, prezra\u010devanje prostorov itd.<\/p>\n","protected":false},"author":12,"featured_media":2675,"parent":0,"menu_order":0,"comment_status":"closed","ping_status":"closed","template":"page-templates\/fullwidthpage.php","meta":{"_acf_changed":false,"footnotes":""},"class_list":["post-4042","page","type-page","status-publish","has-post-thumbnail","hentry"],"acf":[],"_links":{"self":[{"href":"https:\/\/tip95.si\/sl\/wp-json\/wp\/v2\/pages\/4042","targetHints":{"allow":["GET"]}}],"collection":[{"href":"https:\/\/tip95.si\/sl\/wp-json\/wp\/v2\/pages"}],"about":[{"href":"https:\/\/tip95.si\/sl\/wp-json\/wp\/v2\/types\/page"}],"author":[{"embeddable":true,"href":"https:\/\/tip95.si\/sl\/wp-json\/wp\/v2\/users\/12"}],"replies":[{"embeddable":true,"href":"https:\/\/tip95.si\/sl\/wp-json\/wp\/v2\/comments?post=4042"}],"version-history":[{"count":30,"href":"https:\/\/tip95.si\/sl\/wp-json\/wp\/v2\/pages\/4042\/revisions"}],"predecessor-version":[{"id":4561,"href":"https:\/\/tip95.si\/sl\/wp-json\/wp\/v2\/pages\/4042\/revisions\/4561"}],"wp:featuredmedia":[{"embeddable":true,"href":"https:\/\/tip95.si\/sl\/wp-json\/wp\/v2\/media\/2675"}],"wp:attachment":[{"href":"https:\/\/tip95.si\/sl\/wp-json\/wp\/v2\/media?parent=4042"}],"curies":[{"name":"wp","href":"https:\/\/api.w.org\/{rel}","templated":true}]}}