{"id":4052,"date":"2022-10-28T09:31:58","date_gmt":"2022-10-28T09:31:58","guid":{"rendered":"http:\/\/tip95.razvija.se\/?page_id=4052"},"modified":"2022-11-02T10:37:52","modified_gmt":"2022-11-02T10:37:52","slug":"podpora","status":"publish","type":"page","link":"https:\/\/tip95.si\/sl\/podpora\/","title":{"rendered":"Podpora"},"content":{"rendered":"<section class=\"kc-elm kc-css-888128 kc_row\"><div class=\" container\"><div class=\"row\"><div class=\"kc-elm kc-css-24689 col-12 col-md-12 column col-lg-10\"><div class=\"kc-col-container\"><div class=\"kc-elm kc-css-594163 kc_text_block\"><\/p>\n<p>Ker vemo, da je stranka odgovorna za neprekinjeno delovanje papirnega stroja, smo zavezani k zagotavljanju optimiziranega delovanja prezra\u010devalnih sistemov na\u0161ih strojev.<\/p>\n<p>Na\u0161a ekipa strokovnjakov je na voljo 365 dni v letu za re\u0161evanje morebitnih te\u017eav ali te\u017eav, ki jih ima stranka. Odzivna ekipa servisnega osebja je v stalni pripravljenosti za odzivanje in po potrebi pride na kraj.<\/p>\n<p>\n<\/div><div class=\"kc-elm kc-css-561657 kc_text_block\"><\/p>\n<p><span class=\"d-inline-block mb-2\">Telefon: <a href=\"tel:+38657302090\">+386 5 730 20 90<\/a><\/span><\/p>\n<p><span class=\"d-inline-block mb-3\">E-naslov: <a href=\"mailto:info@tip95.si\">info@tip95.si<\/a><\/span><\/p>\n<p>\n<\/div><\/div><\/div><\/div><\/div><\/section>\n","protected":false},"excerpt":{"rendered":"","protected":false},"author":12,"featured_media":3568,"parent":0,"menu_order":0,"comment_status":"closed","ping_status":"closed","template":"page-templates\/bc-page.php","meta":{"_acf_changed":false,"footnotes":""},"class_list":["post-4052","page","type-page","status-publish","has-post-thumbnail","hentry"],"acf":[],"_links":{"self":[{"href":"https:\/\/tip95.si\/sl\/wp-json\/wp\/v2\/pages\/4052","targetHints":{"allow":["GET"]}}],"collection":[{"href":"https:\/\/tip95.si\/sl\/wp-json\/wp\/v2\/pages"}],"about":[{"href":"https:\/\/tip95.si\/sl\/wp-json\/wp\/v2\/types\/page"}],"author":[{"embeddable":true,"href":"https:\/\/tip95.si\/sl\/wp-json\/wp\/v2\/users\/12"}],"replies":[{"embeddable":true,"href":"https:\/\/tip95.si\/sl\/wp-json\/wp\/v2\/comments?post=4052"}],"version-history":[{"count":11,"href":"https:\/\/tip95.si\/sl\/wp-json\/wp\/v2\/pages\/4052\/revisions"}],"predecessor-version":[{"id":4278,"href":"https:\/\/tip95.si\/sl\/wp-json\/wp\/v2\/pages\/4052\/revisions\/4278"}],"wp:featuredmedia":[{"embeddable":true,"href":"https:\/\/tip95.si\/sl\/wp-json\/wp\/v2\/media\/3568"}],"wp:attachment":[{"href":"https:\/\/tip95.si\/sl\/wp-json\/wp\/v2\/media?parent=4052"}],"curies":[{"name":"wp","href":"https:\/\/api.w.org\/{rel}","templated":true}]}}