{"id":4082,"date":"2022-10-28T11:47:15","date_gmt":"2022-10-28T11:47:15","guid":{"rendered":"http:\/\/tip95.razvija.se\/?page_id=4082"},"modified":"2024-03-07T13:42:46","modified_gmt":"2024-03-07T12:42:46","slug":"zaprte-izolirane-nape","status":"publish","type":"page","link":"https:\/\/tip95.si\/sl\/resitve\/zaprte-izolirane-nape\/","title":{"rendered":"Zaprte izolirane nape"},"content":{"rendered":"<p><section class=\"kc-elm kc-css-699697 kc_row\"><div class=\" container\"><div class=\"row\"><div class=\"kc-elm kc-css-845334 col-12 col-md-12 column half-gray\"><div class=\"col-12 col-md-8 kc-col-container\"><div class=\"kc-elm kc-css-391668 kc_text_block\"><\/p>\n<p>Sistem za rekuperacijo toplote je zasnovan tako, da omogo\u010da, da se topel, vla\u017een zrak iz proizvodne linije ponovno uporabi za ogrevanje zraka in vode, ki sta potrebna v proizvodnem procesu in prezra\u010devanje hale.<\/p>\n<p>Na\u0161e izku\u0161nje pri na\u010drtovanju, namestitvi in vzdr\u017eevanju takih sistemov zagotavljajo prilagodljivo, prilagojeno in trajno re\u0161itev za vsako tovarno kartona ali papirja.<\/p>\n<p>\n<\/div><\/div><\/div><\/div><\/div><\/section><section data-kc-equalheight=\"true\" data-kc-equalheight-align=\"middle\" id=\"support\" data-kc-fullwidth=\"content\" class=\"kc-elm kc-css-297782 kc_row\"><div class=\" container-fluid\"><div class=\"row\"><div class=\"kc-elm kc-css-476508 col-12 col-md-5 column pl-md-0 col-12 col-md-5\"><div class=\"left-box kc-col-container\"><div class=\"kc-elm kc-css-615895 kc_shortcode kc_single_image\">\n\n        <img decoding=\"async\" src=\"https:\/\/tip95.si\/wp-content\/uploads\/2021\/12\/1.jpg\" class=\"\" alt=\"\" \/>    <\/div>\n<\/div><\/div><div class=\"kc-elm kc-css-397846 col-12 col-md-7 column col-12 col-md-7\"><div class=\"right-box kc-col-container\">\n<div class=\"kc-elm kc-css-609861 kc-title-wrap \">\n\n\t<h3 class=\"kc_title mont-bold\">STRE\u0160NI ELEMENTI S KONCEPTOM DVOJNEGA STROPA<\/h3>\n<\/div>\n<div class=\"kc-elm kc-css-955399 kc_text_block\"><\/p>\n<p>Eden od temeljev energetske u\u010dinkovitosti na\u0161e zaprte re\u0161itve nape je in\u017eeniring dvojnega stropa nape.<\/p>\n<p>\n<\/div>\n<div class=\"kc-elm kc-css-985522\">\n\t<a class=\"kc_button btn btn-primary\" href=\"https:\/\/tip95.si\/sl\/resitve\/zaprte-izolirane-nape\/stresni-elementi-s-konceptom-dvojnega-stropa\/\" target=\"_self\" title=\"STRE\u0160NI ELEMENTI S KONCEPTOM DVOJNEGA STROPA\" onclick=\"\">\n\t\tPreberite ve\u010d\t<\/a>\n<\/div>\n<\/div><\/div><\/div><\/div><\/section><section data-kc-equalheight=\"true\" data-kc-equalheight-align=\"middle\" id=\"support\" data-kc-fullwidth=\"content\" class=\"kc-elm kc-css-973797 kc_row\"><div class=\" container-fluid\"><div class=\"row\"><div class=\"kc-elm kc-css-874930 col-12 col-md-5 column pl-md-0 col-12 col-md-5\"><div class=\"left-box kc-col-container\"><div class=\"kc-elm kc-css-307758 kc_shortcode kc_single_image\">\n\n        <img decoding=\"async\" src=\"https:\/\/tip95.si\/wp-content\/uploads\/2021\/12\/2.jpg\" class=\"\" alt=\"\" \/>    <\/div>\n<\/div><\/div><div class=\"kc-elm kc-css-250422 col-12 col-md-7 column col-12 col-md-7\"><div class=\"right-box kc-col-container\">\n<div class=\"kc-elm kc-css-966634 kc-title-wrap \">\n\n\t<h3 class=\"kc_title mont-bold\">DVI\u017dNA VRATA<\/h3>\n<\/div>\n<div class=\"kc-elm kc-css-114499 kc_text_block\"><\/p>\n<p>Ko je potreben dostop do proizvodne linije z oskrbovalne strani, je izjemno pomembno, da je dostop enostaven in neobremenjen.<\/p>\n<p>\n<\/div>\n<div class=\"kc-elm kc-css-995455\">\n\t<a class=\"kc_button btn btn-primary\" href=\"https:\/\/tip95.si\/sl\/resitve\/zaprte-izolirane-nape\/dvizna-vrata\/\" target=\"_self\" title=\"DVI\u017dNA VRATA\" onclick=\"\">\n\t\tPreberite ve\u010d\t<\/a>\n<\/div>\n<\/div><\/div><\/div><\/div><\/section><section data-kc-equalheight=\"true\" data-kc-equalheight-align=\"middle\" id=\"support\" data-kc-fullwidth=\"content\" class=\"kc-elm kc-css-916208 kc_row\"><div class=\" container-fluid\"><div class=\"row\"><div class=\"kc-elm kc-css-805878 col-12 col-md-5 column pl-md-0 col-12 col-md-5\"><div class=\"left-box kc-col-container\"><div class=\"kc-elm kc-css-300990 kc_shortcode kc_single_image\">\n\n        <img decoding=\"async\" src=\"https:\/\/tip95.si\/wp-content\/uploads\/2024\/03\/havba_7.jpg\" class=\"\" alt=\"\" \/>    <\/div>\n<\/div><\/div><div class=\"kc-elm kc-css-850306 col-12 col-md-7 column col-12 col-md-7\"><div class=\"right-box kc-col-container\">\n<div class=\"kc-elm kc-css-548847 kc-title-wrap \">\n\n\t<h3 class=\"kc_title mont-bold\">BOLJ\u0160I DELOVNI POGOJI<\/h3>\n<\/div>\n<div class=\"kc-elm kc-css-242416 kc_text_block\"><\/p>\n<p>Zaprti sistem nape Tip95 spremeni va\u0161o proizvodno halo v osebju prijazno okolje, kjer so vplivi toplote, vlage, hrupa in prahu iz proizvodne linije minimalni.<\/p>\n<p>\n<\/div>\n<div class=\"kc-elm kc-css-190052\">\n\t<a class=\"kc_button btn btn-primary\" href=\"https:\/\/tip95.si\/sl\/resitve\/zaprte-izolirane-nape\/boljsi-delovni-pogoji\/\" target=\"_self\" title=\"BOLJ\u0160I DELOVNI POGOJI\" onclick=\"\">\n\t\tPreberite ve\u010d\t<\/a>\n<\/div>\n<\/div><\/div><\/div><\/div><\/section><section class=\"kc-elm kc-css-800768 kc_row\"><div class=\" container\"><div class=\"row\"><div class=\"kc-elm kc-css-27355 col-12 col-md-12 column half-gray-2\"><div class=\"col-12 col-md-8 kc-col-container\"><div class=\"kc-elm kc-css-452240 kc_text_block\"><\/p>\n<p>Predstavite va\u0161e \u017eelje in zahteve, ponudimo lahko re\u0161itev za vsako te\u017eavo. Slednja pri nas postane izziv.<\/p>\n<p>Visoka usposobljenost in dolgoletne izku\u0161nje so zagotovilo, da bomo za vas pripravili najugodnej\u0161o ponudbo in izvedli optimalno re\u0161itev.<\/p>\n<p>\n<\/div>\n<div class=\"kc-elm kc-css-76152\">\n\t<a class=\"kc_button btn btn-primary\" href=\"https:\/\/tip95.si\/sl\/povprasevanje\/\" target=\"_self\" title=\"Povpra\u0161evanje\" onclick=\"\">\n\t\tPo\u0161ljite nam povpra\u0161evanje\t<\/a>\n<\/div>\n<\/div><\/div><\/div><\/div><\/section><\/p>\n","protected":false},"excerpt":{"rendered":"<p>Stro\u0161ki energije pri proizvodnji papirja in kartona predstavljajo najve\u010dji del proizvodnih stro\u0161kov. Zato je zelo smiselno \u010dim bolj zmanj\u0161ati koli\u010dino porabljene pare in tako u\u010dinkovito pove\u010dati svoj dobi\u010dek.<\/p>\n","protected":false},"author":12,"featured_media":4411,"parent":4042,"menu_order":0,"comment_status":"closed","ping_status":"closed","template":"page-templates\/fullwidthpage-white.php","meta":{"_acf_changed":false,"footnotes":""},"class_list":["post-4082","page","type-page","status-publish","has-post-thumbnail","hentry"],"acf":[],"_links":{"self":[{"href":"https:\/\/tip95.si\/sl\/wp-json\/wp\/v2\/pages\/4082","targetHints":{"allow":["GET"]}}],"collection":[{"href":"https:\/\/tip95.si\/sl\/wp-json\/wp\/v2\/pages"}],"about":[{"href":"https:\/\/tip95.si\/sl\/wp-json\/wp\/v2\/types\/page"}],"author":[{"embeddable":true,"href":"https:\/\/tip95.si\/sl\/wp-json\/wp\/v2\/users\/12"}],"replies":[{"embeddable":true,"href":"https:\/\/tip95.si\/sl\/wp-json\/wp\/v2\/comments?post=4082"}],"version-history":[{"count":16,"href":"https:\/\/tip95.si\/sl\/wp-json\/wp\/v2\/pages\/4082\/revisions"}],"predecessor-version":[{"id":4495,"href":"https:\/\/tip95.si\/sl\/wp-json\/wp\/v2\/pages\/4082\/revisions\/4495"}],"up":[{"embeddable":true,"href":"https:\/\/tip95.si\/sl\/wp-json\/wp\/v2\/pages\/4042"}],"wp:featuredmedia":[{"embeddable":true,"href":"https:\/\/tip95.si\/sl\/wp-json\/wp\/v2\/media\/4411"}],"wp:attachment":[{"href":"https:\/\/tip95.si\/sl\/wp-json\/wp\/v2\/media?parent=4082"}],"curies":[{"name":"wp","href":"https:\/\/api.w.org\/{rel}","templated":true}]}}