{"id":4085,"date":"2022-10-28T11:51:51","date_gmt":"2022-10-28T11:51:51","guid":{"rendered":"http:\/\/tip95.razvija.se\/?page_id=4085"},"modified":"2024-03-07T13:43:28","modified_gmt":"2024-03-07T12:43:28","slug":"toplotni-rekuperatorji","status":"publish","type":"page","link":"https:\/\/tip95.si\/sl\/resitve\/toplotni-rekuperatorji\/","title":{"rendered":"TOPLOTNI REKUPERATORJI"},"content":{"rendered":"<p><section class=\"kc-elm kc-css-83595 kc_row\"><div class=\" container\"><div class=\"row\"><div class=\"kc-elm kc-css-26740 col-12 col-md-12 column half-gray\"><div class=\"col-12 col-md-8 kc-col-container\"><div class=\"kc-elm kc-css-156100 kc_text_block\"><\/p>\n<p>Sistem za rekuperacijo toplote je zasnovan tako, da omogo\u010da, da se topel, vla\u017een zrak iz proizvodne linije ponovno uporabi za ogrevanje zraka in vode, ki sta potrebna v proizvodnem procesu in prezra\u010devanje hale.<\/p>\n<p>Na\u0161e izku\u0161nje pri na\u010drtovanju, namestitvi in vzdr\u017eevanju takih sistemov zagotavljajo prilagodljivo, prilagojeno in trajno re\u0161itev za vsako tovarno kartona ali papirja.<\/p>\n<p>\n<\/div><\/div><\/div><\/div><\/div><\/section><section data-kc-equalheight=\"true\" data-kc-equalheight-align=\"middle\" id=\"support\" data-kc-fullwidth=\"content\" class=\"kc-elm kc-css-224728 kc_row\"><div class=\" container-fluid\"><div class=\"row\"><div class=\"kc-elm kc-css-276624 col-12 col-md-5 column pl-md-0 col-12 col-md-5\"><div class=\"left-box kc-col-container\"><div class=\"kc-elm kc-css-300720 kc_shortcode kc_single_image\">\n\n        <img decoding=\"async\" src=\"https:\/\/tip95.si\/wp-content\/uploads\/2021\/12\/Photo_048-scaled.jpg\" class=\"\" alt=\"\" \/>    <\/div>\n<\/div><\/div><div class=\"kc-elm kc-css-980691 col-12 col-md-7 column col-12 col-md-7\"><div class=\"right-box kc-col-container\">\n<div class=\"kc-elm kc-css-164812 kc-title-wrap \">\n\n\t<h3 class=\"kc_title mont-bold\">POSREDNI IZMENJEVALNIK TOPLOTE ZRAK \/ ZRAK<\/h3>\n<\/div>\n<div class=\"kc-elm kc-css-349603 kc_text_block\"><\/p>\n<p>Na\u0161 toplotni izmenjevalnik zrak-zrak je v celoti izdelan iz nerjave\u010dega jekla, zaradi \u010desar je prakti\u010dno odporen na razpadanje zaradi vlage in toplote.<\/p>\n<p>\n<\/div>\n<div class=\"kc-elm kc-css-941371\">\n\t<a class=\"kc_button btn btn-primary\" href=\"https:\/\/tip95.si\/sl\/resitve\/toplotni-rekuperatorji\/posredni-izmenjevalnik-toplote-zrak-zrak\/\" target=\"_self\" title=\"POSREDNI IZMENJEVALNIK TOPLOTE ZRAK \/ ZRAK\" onclick=\"\">\n\t\tPreberite ve\u010d\t<\/a>\n<\/div>\n<\/div><\/div><\/div><\/div><\/section><section data-kc-equalheight=\"true\" data-kc-equalheight-align=\"middle\" id=\"support\" data-kc-fullwidth=\"content\" class=\"kc-elm kc-css-715740 kc_row\"><div class=\" container-fluid\"><div class=\"row\"><div class=\"kc-elm kc-css-124157 col-12 col-md-5 column pl-md-0 col-12 col-md-5\"><div class=\"left-box kc-col-container\"><div class=\"kc-elm kc-css-945726 kc_shortcode kc_single_image\">\n\n        <img decoding=\"async\" src=\"https:\/\/tip95.si\/wp-content\/uploads\/2021\/12\/Untitled-1.jpg\" class=\"\" alt=\"\" \/>    <\/div>\n<\/div><\/div><div class=\"kc-elm kc-css-158244 col-12 col-md-7 column col-12 col-md-7\"><div class=\"right-box kc-col-container\">\n<div class=\"kc-elm kc-css-499920 kc-title-wrap \">\n\n\t<h3 class=\"kc_title mont-bold\">POSREDNI IZMENJEVALNIK TOPLOTE ZRAK \/ VODA<\/h3>\n<\/div>\n<div class=\"kc-elm kc-css-228234 kc_text_block\"><\/p>\n<p>Na\u0161 posredni izmenjevalnik toplote zrak-voda je enako vzdr\u017eljiv.<\/p>\n<p>\n<\/div>\n<div class=\"kc-elm kc-css-864876\">\n\t<a class=\"kc_button btn btn-primary\" href=\"https:\/\/tip95.si\/sl\/resitve\/toplotni-rekuperatorji\/posredni-izmenjevalnik-toplote-zrak-voda\/\" target=\"_self\" title=\"POSREDNI IZMENJEVALNIK TOPLOTE ZRAK \/ VODA\" onclick=\"\">\n\t\tPreberite ve\u010d\t<\/a>\n<\/div>\n<\/div><\/div><\/div><\/div><\/section><section data-kc-equalheight=\"true\" data-kc-equalheight-align=\"middle\" id=\"support\" data-kc-fullwidth=\"content\" class=\"kc-elm kc-css-307837 kc_row\"><div class=\" container-fluid\"><div class=\"row\"><div class=\"kc-elm kc-css-931877 col-12 col-md-5 column pl-md-0 col-12 col-md-5\"><div class=\"left-box kc-col-container\"><div class=\"kc-elm kc-css-658448 kc_shortcode kc_single_image\">\n\n        <img decoding=\"async\" src=\"https:\/\/tip95.si\/wp-content\/uploads\/2022\/11\/heat5b.jpg\" class=\"\" alt=\"\" \/>    <\/div>\n<\/div><\/div><div class=\"kc-elm kc-css-405909 col-12 col-md-7 column col-12 col-md-7\"><div class=\"right-box kc-col-container\">\n<div class=\"kc-elm kc-css-472543 kc-title-wrap \">\n\n\t<h3 class=\"kc_title mont-bold\">NEPOSREDNI IZMENJEVALNIK TOPLOTE ZRAK \/ VODA<\/h3>\n<\/div>\n<div class=\"kc-elm kc-css-113142 kc_text_block\"><\/p>\n<p>Neposredni toplotni izmenjevalnik zrak \/ voda ima izjemno mo\u010dno konstrukcijo iz nerjave\u010dega jekla, skupaj s posebno skupino samo\u010distilnih \u0161ob za ogrevanje tehnolo\u0161ke vode.<\/p>\n<p>Mo\u017ena je nadgradnja z nosilno konstrukcijo, lestvijo in pohodnimi potmi (opcijsko).<\/p>\n<p>\n<\/div>\n<div class=\"kc-elm kc-css-224067 d-inline-block w150\">\n\t<a class=\"kc_button btn btn-primary\" href=\"https:\/\/tip95.si\/sl\/povprasevanje\/\" target=\"_self\" title=\"Povpra\u0161evanje\" onclick=\"\">\n\t\tPo\u0161ljite nam povpra\u0161evanje\t<\/a>\n<\/div>\n<\/div><\/div><\/div><\/div><\/section><section class=\"kc-elm kc-css-633443 kc_row\"><div class=\" container\"><div class=\"row\"><div class=\"kc-elm kc-css-247867 col-12 col-md-12 column half-gray-2\"><div class=\"col-12 col-md-8 kc-col-container\"><div class=\"kc-elm kc-css-169683 kc_text_block\"><\/p>\n<p>Predstavite va\u0161e \u017eelje in zahteve, ponudimo lahko re\u0161itev za vsako te\u017eavo. Slednja pri nas postane izziv.<\/p>\n<p>Visoka usposobljenost in dolgoletne izku\u0161nje so zagotovilo, da bomo za vas pripravili najugodnej\u0161o ponudbo in izvedli optimalno re\u0161itev.<\/p>\n<p>\n<\/div>\n<div class=\"kc-elm kc-css-520745\">\n\t<a class=\"kc_button btn btn-primary\" href=\"https:\/\/tip95.si\/sl\/povprasevanje\/\" target=\"_self\" title=\"Povpra\u0161evanje\" onclick=\"\">\n\t\tPo\u0161ljite nam povpra\u0161evanje\t<\/a>\n<\/div>\n<\/div><\/div><\/div><\/div><\/section><\/p>\n","protected":false},"excerpt":{"rendered":"<p>Energijo, vlo\u017eeno v proces su\u0161enja, lahko ponovno u\u010dinkovito uporabimo s pomo\u010djo na\u0161ih izjemno vzdr\u017eljivih in u\u010dinkovitih izmenjevalnikov toplote.<\/p>\n","protected":false},"author":12,"featured_media":4385,"parent":4042,"menu_order":0,"comment_status":"closed","ping_status":"closed","template":"page-templates\/fullwidthpage-white.php","meta":{"_acf_changed":false,"footnotes":""},"class_list":["post-4085","page","type-page","status-publish","has-post-thumbnail","hentry"],"acf":[],"_links":{"self":[{"href":"https:\/\/tip95.si\/sl\/wp-json\/wp\/v2\/pages\/4085","targetHints":{"allow":["GET"]}}],"collection":[{"href":"https:\/\/tip95.si\/sl\/wp-json\/wp\/v2\/pages"}],"about":[{"href":"https:\/\/tip95.si\/sl\/wp-json\/wp\/v2\/types\/page"}],"author":[{"embeddable":true,"href":"https:\/\/tip95.si\/sl\/wp-json\/wp\/v2\/users\/12"}],"replies":[{"embeddable":true,"href":"https:\/\/tip95.si\/sl\/wp-json\/wp\/v2\/comments?post=4085"}],"version-history":[{"count":8,"href":"https:\/\/tip95.si\/sl\/wp-json\/wp\/v2\/pages\/4085\/revisions"}],"predecessor-version":[{"id":4497,"href":"https:\/\/tip95.si\/sl\/wp-json\/wp\/v2\/pages\/4085\/revisions\/4497"}],"up":[{"embeddable":true,"href":"https:\/\/tip95.si\/sl\/wp-json\/wp\/v2\/pages\/4042"}],"wp:featuredmedia":[{"embeddable":true,"href":"https:\/\/tip95.si\/sl\/wp-json\/wp\/v2\/media\/4385"}],"wp:attachment":[{"href":"https:\/\/tip95.si\/sl\/wp-json\/wp\/v2\/media?parent=4085"}],"curies":[{"name":"wp","href":"https:\/\/api.w.org\/{rel}","templated":true}]}}