{"id":4093,"date":"2022-10-28T13:22:47","date_gmt":"2022-10-28T13:22:47","guid":{"rendered":"http:\/\/tip95.razvija.se\/?page_id=4093"},"modified":"2024-03-07T13:44:17","modified_gmt":"2024-03-07T12:44:17","slug":"prezracevanje-procesa-in-stabilizacija-papirja","status":"publish","type":"page","link":"https:\/\/tip95.si\/sl\/resitve\/prezracevanje-procesa-in-stabilizacija-papirja\/","title":{"rendered":"PREZRA\u010cEVANJE PROCESA IN STABILIZACIJA PAPIRJA"},"content":{"rendered":"<p><section class=\"kc-elm kc-css-523707 kc_row\"><div class=\" container\"><div class=\"row\"><div class=\"kc-elm kc-css-35033 col-12 col-md-12 column half-gray\"><div class=\"col-12 col-md-8 kc-col-container\"><div class=\"kc-elm kc-css-649975 kc_text_block\"><\/p>\n<p>Inovativna konfiguracija in zasnova zaprte nape nam omogo\u010da dovod zraka vzdol\u017e proizvodne linije tako s sprednje kot s pogonske strani.<\/p>\n<p>Optimizirana porazdelitev zraka je dose\u017eena s posebnimi pihalnimi \u0161katlami, ki so bile zasnovane tako, da zagotavljajo enakomerno porazdelitev zraka v \u017eepih.<\/p>\n<p>\n<\/div><\/div><\/div><\/div><\/div><\/section><section data-kc-equalheight=\"true\" data-kc-equalheight-align=\"middle\" id=\"support\" data-kc-fullwidth=\"content\" class=\"kc-elm kc-css-672905 kc_row\"><div class=\" container-fluid\"><div class=\"row\"><div class=\"kc-elm kc-css-61513 col-12 col-md-5 column pl-md-0 col-12 col-md-5\"><div class=\"left-box kc-col-container\"><div class=\"kc-elm kc-css-393441 kc_shortcode kc_single_image\">\n\n        <img decoding=\"async\" src=\"https:\/\/tip95.si\/wp-content\/uploads\/2021\/12\/DSC_0932-scaled-e1638873289870-6.jpg\" class=\"\" alt=\"\" \/>    <\/div>\n<\/div><\/div><div class=\"kc-elm kc-css-86771 col-12 col-md-7 column col-12 col-md-7\"><div class=\"right-box kc-col-container\">\n<div class=\"kc-elm kc-css-519570 kc-title-wrap \">\n\n\t<h3 class=\"kc_title mont-bold\">\u017dEPNO PREZRA\u010cEVANJE<\/h3>\n<\/div>\n<div class=\"kc-elm kc-css-3318 kc_text_block\"><\/p>\n<p>Namen \u017eepnega prezra\u010devalnega sistema je optimizirati proces su\u0161enja in delovanje stroja ter se izogniti plapolanju in gubam.<\/p>\n<p>\n<\/div>\n<div class=\"kc-elm kc-css-265194\">\n\t<a class=\"kc_button btn btn-primary\" href=\"https:\/\/tip95.si\/sl\/resitve\/prezracevanje-procesa-in-stabilizacija-papirja\/zepno-prezracevanje\/\" target=\"_self\" title=\"\u017dEPNO PREZRA\u010cEVANJE\" onclick=\"\">\n\t\tPreberite ve\u010d\t<\/a>\n<\/div>\n<\/div><\/div><\/div><\/div><\/section><section data-kc-equalheight=\"true\" data-kc-equalheight-align=\"middle\" id=\"support\" data-kc-fullwidth=\"content\" class=\"kc-elm kc-css-239460 kc_row\"><div class=\" container-fluid\"><div class=\"row\"><div class=\"kc-elm kc-css-918069 col-12 col-md-5 column pl-md-0 col-12 col-md-5\"><div class=\"left-box kc-col-container\"><div class=\"kc-elm kc-css-797658 kc_shortcode kc_single_image\">\n\n        <img decoding=\"async\" src=\"https:\/\/tip95.si\/wp-content\/uploads\/2024\/03\/stabilizacija_6.jpg\" class=\"\" alt=\"\" \/>    <\/div>\n<\/div><\/div><div class=\"kc-elm kc-css-887490 col-12 col-md-7 column col-12 col-md-7\"><div class=\"right-box kc-col-container\">\n<div class=\"kc-elm kc-css-204638 kc-title-wrap \">\n\n\t<h3 class=\"kc_title mont-bold\">STABILIZATORJI<\/h3>\n<\/div>\n<div class=\"kc-elm kc-css-622629 kc_text_block\"><\/p>\n<p>Zrak stabilizatorjev prepre\u010duje plapolanje in gubanje papirja ter zagotavlja nemoteno premikanje od stiskalnega dela do koluta.<\/p>\n<p>\n<\/div>\n<div class=\"kc-elm kc-css-861312\">\n\t<a class=\"kc_button btn btn-primary\" href=\"https:\/\/tip95.si\/sl\/resitve\/prezracevanje-procesa-in-stabilizacija-papirja\/stabilizatorji\/\" target=\"_self\" title=\"STABILIZATORJI\" onclick=\"\">\n\t\tPreberite ve\u010d\t<\/a>\n<\/div>\n<\/div><\/div><\/div><\/div><\/section><section class=\"kc-elm kc-css-740485 kc_row\"><div class=\" container\"><div class=\"row\"><div class=\"kc-elm kc-css-930153 col-12 col-md-12 column half-gray-2\"><div class=\"col-12 col-md-8 kc-col-container\"><div class=\"kc-elm kc-css-221367 kc_text_block\"><\/p>\n<p>Predstavite va\u0161e \u017eelje in zahteve, ponudimo lahko re\u0161itev za vsako te\u017eavo. Slednja pri nas postane izziv.<\/p>\n<p>Visoka usposobljenost in dolgoletne izku\u0161nje so zagotovilo, da bomo za vas pripravili najugodnej\u0161o ponudbo in izvedli optimalno re\u0161itev.<\/p>\n<p>\n<\/div>\n<div class=\"kc-elm kc-css-296522\">\n\t<a class=\"kc_button btn btn-primary\" href=\"https:\/\/tip95.si\/sl\/povprasevanje\/\" target=\"_self\" title=\"Inquiry\" onclick=\"\">\n\t\tPo\u0161ljite nam povpra\u0161evanje\t<\/a>\n<\/div>\n<\/div><\/div><\/div><\/div><\/section><\/p>\n","protected":false},"excerpt":{"rendered":"<p>Energijo, vlo\u017eeno v proces su\u0161enja, lahko ponovno u\u010dinkovito uporabimo s pomo\u010djo na\u0161ih izjemno vzdr\u017eljivih in u\u010dinkovitih izmenjevalnikov toplote.<\/p>\n","protected":false},"author":12,"featured_media":4391,"parent":4042,"menu_order":0,"comment_status":"closed","ping_status":"closed","template":"page-templates\/fullwidthpage-white.php","meta":{"_acf_changed":false,"footnotes":""},"class_list":["post-4093","page","type-page","status-publish","has-post-thumbnail","hentry"],"acf":[],"_links":{"self":[{"href":"https:\/\/tip95.si\/sl\/wp-json\/wp\/v2\/pages\/4093","targetHints":{"allow":["GET"]}}],"collection":[{"href":"https:\/\/tip95.si\/sl\/wp-json\/wp\/v2\/pages"}],"about":[{"href":"https:\/\/tip95.si\/sl\/wp-json\/wp\/v2\/types\/page"}],"author":[{"embeddable":true,"href":"https:\/\/tip95.si\/sl\/wp-json\/wp\/v2\/users\/12"}],"replies":[{"embeddable":true,"href":"https:\/\/tip95.si\/sl\/wp-json\/wp\/v2\/comments?post=4093"}],"version-history":[{"count":9,"href":"https:\/\/tip95.si\/sl\/wp-json\/wp\/v2\/pages\/4093\/revisions"}],"predecessor-version":[{"id":4499,"href":"https:\/\/tip95.si\/sl\/wp-json\/wp\/v2\/pages\/4093\/revisions\/4499"}],"up":[{"embeddable":true,"href":"https:\/\/tip95.si\/sl\/wp-json\/wp\/v2\/pages\/4042"}],"wp:featuredmedia":[{"embeddable":true,"href":"https:\/\/tip95.si\/sl\/wp-json\/wp\/v2\/media\/4391"}],"wp:attachment":[{"href":"https:\/\/tip95.si\/sl\/wp-json\/wp\/v2\/media?parent=4093"}],"curies":[{"name":"wp","href":"https:\/\/api.w.org\/{rel}","templated":true}]}}