{"id":4100,"date":"2022-10-28T13:27:00","date_gmt":"2022-10-28T13:27:00","guid":{"rendered":"http:\/\/tip95.razvija.se\/?page_id=4100"},"modified":"2024-03-07T13:45:20","modified_gmt":"2024-03-07T12:45:20","slug":"prezracevalni-sistemi-proizvodnih-hal","status":"publish","type":"page","link":"https:\/\/tip95.si\/sl\/resitve\/prezracevalni-sistemi-proizvodnih-hal\/","title":{"rendered":"PREZRA\u010cEVALNI SISTEMI PROIZVODNIH HAL"},"content":{"rendered":"<p><section class=\"kc-elm kc-css-425031 kc_row\"><div class=\" container\"><div class=\"row\"><div class=\"kc-elm kc-css-273951 col-12 col-md-12 column half-gray\"><div class=\"col-12 col-md-8 kc-col-container\"><div class=\"kc-elm kc-css-416107 kc_text_block\"><\/p>\n<p>Na\u0161a visoko usposobljena ekipa lahko nato na\u010drtuje, projektira in namesti energetsko u\u010dinkovit prezra\u010devalni sistem, ki bo poskrbel za prijetno delovno okolje in prepre\u010dil nabiranje kondenza vzdol\u017e sten, strehe in tal.<\/p>\n<p>\n<\/div><\/div><\/div><\/div><\/div><\/section><section data-kc-equalheight=\"true\" data-kc-equalheight-align=\"middle\" id=\"support\" data-kc-fullwidth=\"content\" class=\"kc-elm kc-css-892964 kc_row\"><div class=\" container-fluid\"><div class=\"row\"><div class=\"kc-elm kc-css-79852 col-12 col-md-5 column pl-md-0 col-12 col-md-5\"><div class=\"left-box kc-col-container\"><div class=\"kc-elm kc-css-364911 kc_shortcode kc_single_image\">\n\n        <img decoding=\"async\" src=\"https:\/\/tip95.si\/wp-content\/uploads\/2024\/03\/ventilacija_1.jpg\" class=\"\" alt=\"\" \/>    <\/div>\n<\/div><\/div><div class=\"kc-elm kc-css-378170 col-12 col-md-7 column col-12 col-md-7\"><div class=\"right-box kc-col-container\">\n<div class=\"kc-elm kc-css-307397 kc-title-wrap \">\n\n\t<h3 class=\"kc_title mont-bold\">NAPAJALNI SISTEMI HAL<\/h3>\n<\/div>\n<div class=\"kc-elm kc-css-701439 kc_text_block\"><\/p>\n<p>Najve\u010dje emisije vlage so v mokrem delu (oblikovalna plo\u0161\u010da in stiskalni del).<\/p>\n<p>\n<\/div>\n<div class=\"kc-elm kc-css-518172\">\n\t<a class=\"kc_button btn btn-primary\" href=\"https:\/\/tip95.si\/sl\/povprasevanje\/\" target=\"_self\" title=\"Povpra\u0161evanje\" onclick=\"\">\n\t\tPo\u0161ljite nam povpra\u0161evanje\t<\/a>\n<\/div>\n<\/div><\/div><\/div><\/div><\/section><section data-kc-equalheight=\"true\" data-kc-equalheight-align=\"middle\" id=\"support\" data-kc-fullwidth=\"content\" class=\"kc-elm kc-css-548881 kc_row\"><div class=\" container-fluid\"><div class=\"row\"><div class=\"kc-elm kc-css-416889 col-12 col-md-5 column pl-md-0 col-12 col-md-5\"><div class=\"left-box kc-col-container\"><div class=\"kc-elm kc-css-149005 kc_shortcode kc_single_image\">\n\n        <img decoding=\"async\" src=\"https:\/\/tip95.si\/wp-content\/uploads\/2021\/12\/DSC_0932-scaled-e1638873289870-7.jpg\" class=\"\" alt=\"\" \/>    <\/div>\n<\/div><\/div><div class=\"kc-elm kc-css-887799 col-12 col-md-7 column col-12 col-md-7\"><div class=\"right-box kc-col-container\">\n<div class=\"kc-elm kc-css-613190 kc-title-wrap \">\n\n\t<h3 class=\"kc_title mont-bold\">ODVODNI SISTEMI HAL<\/h3>\n<\/div>\n<div class=\"kc-elm kc-css-433860 kc_text_block\"><\/p>\n<p>Eno od klju\u010dnih podro\u010dij, kjer lahko najbolj vplivamo na zra\u010dne razmere v hali, je obmo\u010dje oblikovanja.<\/p>\n<p>\n<\/div>\n<div class=\"kc-elm kc-css-691223\">\n\t<a class=\"kc_button btn btn-primary\" href=\"https:\/\/tip95.si\/sl\/povprasevanje\/\" target=\"_self\" title=\"Povpra\u0161evanje\" onclick=\"\">\n\t\tPo\u0161ljite nam povpra\u0161evanje\t<\/a>\n<\/div>\n<\/div><\/div><\/div><\/div><\/section><section class=\"kc-elm kc-css-58097 kc_row\"><div class=\" container\"><div class=\"row\"><div class=\"kc-elm kc-css-759469 col-12 col-md-12 column half-gray-2\"><div class=\"col-12 col-md-8 kc-col-container\"><div class=\"kc-elm kc-css-735535 kc_text_block\"><\/p>\n<p>Predstavite va\u0161e \u017eelje in zahteve, ponudimo lahko re\u0161itev za vsako te\u017eavo. Slednja pri nas postane izziv.<\/p>\n<p>Visoka usposobljenost in dolgoletne izku\u0161nje so zagotovilo, da bomo za vas pripravili najugodnej\u0161o ponudbo in izvedli optimalno re\u0161itev.<\/p>\n<p>\n<\/div>\n<div class=\"kc-elm kc-css-797775\">\n\t<a class=\"kc_button btn btn-primary\" href=\"https:\/\/tip95.si\/sl\/povprasevanje\/\" target=\"_self\" title=\"Povpra\u0161evanje\" onclick=\"\">\n\t\tPo\u0161ljite nam povpra\u0161evanje\t<\/a>\n<\/div>\n<\/div><\/div><\/div><\/div><\/section><\/p>\n","protected":false},"excerpt":{"rendered":"<p>Naj gre za obstoje\u010do proizvodno halo ali novo proizvodno lokacijo, lahko na\u0161i strokovnjaki za prezra\u010devanje ustvarijo ra\u010dunalni\u0161ki model situacije v hali, prepoznajo problemati\u010dna podro\u010dja in jih nevtralizirajo z zasnovo optimalnega prezra\u010devanja.<\/p>\n","protected":false},"author":12,"featured_media":4373,"parent":4042,"menu_order":0,"comment_status":"closed","ping_status":"closed","template":"page-templates\/fullwidthpage-white.php","meta":{"_acf_changed":false,"footnotes":""},"class_list":["post-4100","page","type-page","status-publish","has-post-thumbnail","hentry"],"acf":[],"_links":{"self":[{"href":"https:\/\/tip95.si\/sl\/wp-json\/wp\/v2\/pages\/4100","targetHints":{"allow":["GET"]}}],"collection":[{"href":"https:\/\/tip95.si\/sl\/wp-json\/wp\/v2\/pages"}],"about":[{"href":"https:\/\/tip95.si\/sl\/wp-json\/wp\/v2\/types\/page"}],"author":[{"embeddable":true,"href":"https:\/\/tip95.si\/sl\/wp-json\/wp\/v2\/users\/12"}],"replies":[{"embeddable":true,"href":"https:\/\/tip95.si\/sl\/wp-json\/wp\/v2\/comments?post=4100"}],"version-history":[{"count":8,"href":"https:\/\/tip95.si\/sl\/wp-json\/wp\/v2\/pages\/4100\/revisions"}],"predecessor-version":[{"id":4501,"href":"https:\/\/tip95.si\/sl\/wp-json\/wp\/v2\/pages\/4100\/revisions\/4501"}],"up":[{"embeddable":true,"href":"https:\/\/tip95.si\/sl\/wp-json\/wp\/v2\/pages\/4042"}],"wp:featuredmedia":[{"embeddable":true,"href":"https:\/\/tip95.si\/sl\/wp-json\/wp\/v2\/media\/4373"}],"wp:attachment":[{"href":"https:\/\/tip95.si\/sl\/wp-json\/wp\/v2\/media?parent=4100"}],"curies":[{"name":"wp","href":"https:\/\/api.w.org\/{rel}","templated":true}]}}