{"id":4104,"date":"2022-10-28T13:30:57","date_gmt":"2022-10-28T13:30:57","guid":{"rendered":"http:\/\/tip95.razvija.se\/?page_id=4104"},"modified":"2024-03-07T13:45:51","modified_gmt":"2024-03-07T12:45:51","slug":"druge-resitve","status":"publish","type":"page","link":"https:\/\/tip95.si\/sl\/resitve\/druge-resitve\/","title":{"rendered":"DRUGE RE\u0160ITVE"},"content":{"rendered":"<p><section class=\"kc-elm kc-css-960978 kc_row\"><div class=\" container\"><div class=\"row\"><div class=\"kc-elm kc-css-488860 col-12 col-md-12 column half-gray\"><div class=\"col-12 col-md-8 kc-col-container\"><div class=\"kc-elm kc-css-300905 kc_text_block\"><\/p>\n<p>Na\u0161a visoko usposobljena ekipa lahko nato na\u010drtuje, projektira in namesti energetsko u\u010dinkovit prezra\u010devalni sistem, ki bo poskrbel za prijetno delovno okolje in prepre\u010dil nabiranje kondenza vzdol\u017e sten, strehe in tal.<\/p>\n<p>\n<\/div><\/div><\/div><\/div><\/div><\/section><section data-kc-equalheight=\"true\" data-kc-equalheight-align=\"middle\" id=\"support\" data-kc-fullwidth=\"content\" class=\"kc-elm kc-css-823572 kc_row\"><div class=\" container-fluid\"><div class=\"row\"><div class=\"kc-elm kc-css-628280 col-12 col-md-5 column pl-md-0 col-12 col-md-5\"><div class=\"left-box kc-col-container\"><div class=\"kc-elm kc-css-684229 kc_shortcode kc_single_image\">\n\n        <img decoding=\"async\" src=\"https:\/\/tip95.si\/wp-content\/uploads\/2021\/12\/DSC_0932-scaled-e1638873289870-8.jpg\" class=\"\" alt=\"\" \/>    <\/div>\n<\/div><\/div><div class=\"kc-elm kc-css-354997 col-12 col-md-7 column col-12 col-md-7\"><div class=\"right-box kc-col-container\">\n<div class=\"kc-elm kc-css-501640 kc-title-wrap \">\n\n\t<h3 class=\"kc_title mont-bold\">SISTEMI ZA ZMANJ\u0160EVANJE HRUPA<\/h3>\n<\/div>\n<div class=\"kc-elm kc-css-603919 kc_text_block\"><\/p>\n<p>V okoljih, kjer se papirnica nahaja v bli\u017eini naseljenega obmo\u010dja, je problematika zvo\u010dnega onesna\u017eevanja postala pomembna tema.<\/p>\n<p>\n<\/div>\n<div class=\"kc-elm kc-css-625123\">\n\t<a class=\"kc_button btn btn-primary\" href=\"https:\/\/tip95.si\/sl\/resitve\/druge-resitve\/sistemi-za-zmanjsevanje-hrupa\/\" target=\"_self\" title=\"SISTEMI ZA ZMANJ\u0160EVANJE HRUPA\" onclick=\"\">\n\t\tPreberite ve\u010d\t<\/a>\n<\/div>\n<\/div><\/div><\/div><\/div><\/section><section data-kc-equalheight=\"true\" data-kc-equalheight-align=\"middle\" id=\"support\" data-kc-fullwidth=\"content\" class=\"kc-elm kc-css-948046 kc_row\"><div class=\" container-fluid\"><div class=\"row\"><div class=\"kc-elm kc-css-40069 col-12 col-md-5 column pl-md-0 col-12 col-md-5\"><div class=\"left-box kc-col-container\"><div class=\"kc-elm kc-css-713757 kc_shortcode kc_single_image\">\n\n        <img decoding=\"async\" src=\"https:\/\/tip95.si\/wp-content\/uploads\/2021\/12\/Zajeta-slika1.jpg\" class=\"\" alt=\"\" \/>    <\/div>\n<\/div><\/div><div class=\"kc-elm kc-css-833263 col-12 col-md-7 column col-12 col-md-7\"><div class=\"right-box kc-col-container\">\n<div class=\"kc-elm kc-css-191340 kc-title-wrap \">\n\n\t<h3 class=\"kc_title mont-bold\">MANJ\u0160E OBNOVE STROJEV<\/h3>\n<\/div>\n<div class=\"kc-elm kc-css-524666 kc_text_block\"><\/p>\n<p>Kot specialist za kartonsko in papirni\u0161ko industrijo je na\u0161a izjemno prilagodljiva ekipa vedno pripravljena na nove izzive, tudi na delo vodje projekta obnove stroja.<\/p>\n<p>\n<\/div>\n<div class=\"kc-elm kc-css-940877\">\n\t<a class=\"kc_button btn btn-primary\" href=\"https:\/\/tip95.si\/sl\/resitve\/druge-resitve\/manjse-obnove-strojev\/\" target=\"_self\" title=\"MANJ\u0160E OBNOVE STROJEV\" onclick=\"\">\n\t\tPreberite ve\u010d\t<\/a>\n<\/div>\n<\/div><\/div><\/div><\/div><\/section><section class=\"kc-elm kc-css-67255 kc_row\"><div class=\" container\"><div class=\"row\"><div class=\"kc-elm kc-css-146619 col-12 col-md-12 column half-gray-2\"><div class=\"col-12 col-md-8 kc-col-container\"><div class=\"kc-elm kc-css-977896 kc_text_block\"><\/p>\n<p>Predstavite va\u0161e \u017eelje in zahteve, ponudimo lahko re\u0161itev za vsako te\u017eavo. Slednja pri nas postane izziv.<\/p>\n<p>Visoka usposobljenost in dolgoletne izku\u0161nje so zagotovilo, da bomo za vas pripravili najugodnej\u0161o ponudbo in izvedli optimalno re\u0161itev.<\/p>\n<p>\n<\/div>\n<div class=\"kc-elm kc-css-66369\">\n\t<a class=\"kc_button btn btn-primary\" href=\"https:\/\/tip95.si\/sl\/povprasevanje\/\" target=\"_self\" title=\"Povpra\u0161evanje\" onclick=\"\">\n\t\tPo\u0161ljite nam povpra\u0161evanje\t<\/a>\n<\/div>\n<\/div><\/div><\/div><\/div><\/section><\/p>\n","protected":false},"excerpt":{"rendered":"","protected":false},"author":12,"featured_media":4382,"parent":4042,"menu_order":0,"comment_status":"closed","ping_status":"closed","template":"page-templates\/fullwidthpage-white.php","meta":{"_acf_changed":false,"footnotes":""},"class_list":["post-4104","page","type-page","status-publish","has-post-thumbnail","hentry"],"acf":[],"_links":{"self":[{"href":"https:\/\/tip95.si\/sl\/wp-json\/wp\/v2\/pages\/4104","targetHints":{"allow":["GET"]}}],"collection":[{"href":"https:\/\/tip95.si\/sl\/wp-json\/wp\/v2\/pages"}],"about":[{"href":"https:\/\/tip95.si\/sl\/wp-json\/wp\/v2\/types\/page"}],"author":[{"embeddable":true,"href":"https:\/\/tip95.si\/sl\/wp-json\/wp\/v2\/users\/12"}],"replies":[{"embeddable":true,"href":"https:\/\/tip95.si\/sl\/wp-json\/wp\/v2\/comments?post=4104"}],"version-history":[{"count":8,"href":"https:\/\/tip95.si\/sl\/wp-json\/wp\/v2\/pages\/4104\/revisions"}],"predecessor-version":[{"id":4503,"href":"https:\/\/tip95.si\/sl\/wp-json\/wp\/v2\/pages\/4104\/revisions\/4503"}],"up":[{"embeddable":true,"href":"https:\/\/tip95.si\/sl\/wp-json\/wp\/v2\/pages\/4042"}],"wp:featuredmedia":[{"embeddable":true,"href":"https:\/\/tip95.si\/sl\/wp-json\/wp\/v2\/media\/4382"}],"wp:attachment":[{"href":"https:\/\/tip95.si\/sl\/wp-json\/wp\/v2\/media?parent=4104"}],"curies":[{"name":"wp","href":"https:\/\/api.w.org\/{rel}","templated":true}]}}