{"id":4113,"date":"2021-11-03T10:10:28","date_gmt":"2021-11-03T10:10:28","guid":{"rendered":"http:\/\/tip95.razvija.se\/resitve\/zaprta-izolirana-napa\/roof-elements-with-false-ceiling-concept\/"},"modified":"2024-03-07T13:26:31","modified_gmt":"2024-03-07T12:26:31","slug":"stresni-elementi-s-konceptom-dvojnega-stropa","status":"publish","type":"page","link":"https:\/\/tip95.si\/sl\/resitve\/zaprte-izolirane-nape\/stresni-elementi-s-konceptom-dvojnega-stropa\/","title":{"rendered":"STRE\u0160NI ELEMENTI S KONCEPTOM DVOJNEGA STROPA"},"content":{"rendered":"<p><section class=\"kc-elm kc-css-851018 kc_row\"><div class=\" container\"><div class=\"row\"><div class=\"kc-elm kc-css-402302 col-12 col-md-12 column\"><div class=\"kc-col-container\"><div class=\"kc-elm kc-css-40886 kc_text_block\"><\/p>\n<p>\nStre\u0161ni elementi so vrhunske debeline, izolacija visoke gostote pa je sposobna delovati tudi pri visoki to\u010dki rosi\u0161\u010da, enostavno jo je namestiti in odstraniti z \u017eerjavom ter jo je mogo\u010de enostavno o\u010distiti.<\/p>\n<h2>Koncept dvojnega stropa<\/h2>\n<p>Poleg na\u0161tetega ima na\u0161 koncept dvojnega stropa \u0161e eno pomembno prednost. Ker se izpu\u0161ni zrak zbira v dvojni strop nape skozi nastavljive odprtine, je mogo\u010de koli\u010dino izpu\u0161nega zraka optimizirati s prilagajanjem odprtin \u010dez in vzdol\u017e smeri papirja. To u\u010dinkovito optimizira koli\u010dino izpu\u0161nega zraka v vsaki posamezni to\u010dki vzdol\u017e proizvodne linije. In to neposredno pomeni manj\u0161o porabo zraka in energije.<\/p>\n<p>\u0160e ve\u010d, dvojni strop zadr\u017ei odpadni zrak in ga odda v sistem za rekuperacijo toplote. In ker ima odpadni zrak visoko vla\u017enost zaradi visokega rosi\u0161\u010da, ki ga omogo\u010data na\u0161a tesna konstrukcija in visoka izolacija, je rekuperacija toplote lahko toliko bolj u\u010dinkovita. Ve\u010d prihranjene energije in ve\u010d nepotrebnih stro\u0161kov!<\/p>\n<h2>U\u010dinkovito pove\u010dajte kakovost papirja in kartona<\/h2>\n<p>Presenetljiva posledica vrhunskega zaprtega sistema nape je dejstvo, da lahko sama proizvodnja veliko pridobi. Ustrezno prezra\u010devanje, ki nevtralizira mo\u017enost kondenzacije v zra\u010dnih \u017eepih, toplotnih mostov ter neenakomernega pretoka zraka in vlage, bo u\u010dinkovito pove\u010dalo kakovost papirja in kartona: ve\u010dja bo enakomernost gramature, vla\u017enosti in gostote. Najpomembneje pa je, da se je mogo\u010de v celoti izogniti te\u017eavam z zrakom na robovih spleta, ki so povezane s prekomernim su\u0161enjem.<\/p>\n<p>Ugodne posledice bodo tudi za samo proizvodno linijo. Dobro uravnani pogoji vla\u017enosti in pretoka zraka bodo omogo\u010dili, da bo proizvodna linija delovala pri vi\u0161jih hitrostih z manj zlomi papirja. V primeru nujnega vzdr\u017eevalnega posega pa so na\u0161e nape opremljene z inovativnimi sistemi, ki omogo\u010dajo enostaven dostop in hitro servisiranje proizvodne linije. In ko je treba streho o\u010distiti ali vzdr\u017eevati, jo je mogo\u010de enostavno razstaviti in namestiti nazaj. Z drugimi besedami: manj in kraj\u0161i zastoji.<\/p>\n<p>\n<\/div><\/div><\/div><\/div><\/div><\/section><section class=\"kc-elm kc-css-865370 kc_row\"><div class=\" container\"><div class=\"row\"><div class=\"kc-elm kc-css-215071 col-12 col-md-12 column\"><div class=\"kc-col-container\"><div class=\"div-wrapper kc-elm kc-css-986903 white-box p-0\"><div class=\"kc-elm kc-css-554551 row\"><div class=\"kc-elm kc-css-289271 col-12 col-md-12 column_inner\"><div class=\"kc_wrapper kc-col-inner-container\">\n<div class=\"kc-elm kc-css-123187 d-inline-block w150\">\n\t<a class=\"kc_button btn btn-primary\" href=\"https:\/\/tip95.si\/sl\/povprasevanje\/\" target=\"_self\" title=\"Po\u0161ljite nam povpra\u0161evanje\" onclick=\"\">\n\t\tPo\u0161ljite nam povpra\u0161evanje\t<\/a>\n<\/div>\n\n<div class=\"kc-elm kc-css-501709 d-inline-block w150\">\n\t<a class=\"kc_button btn btn-outline-primary wbg ml-0 mt-3 mt-md-0 ml-md-3\" href=\"https:\/\/tip95.si\/sl\/resitve\/zaprte-izolirane-nape\/\" target=\"_self\" title=\"Preverite vse zaprte izolirane nape\" onclick=\"\">\n\t\tPreverite vse zaprte izolirane nape\t<\/a>\n<\/div>\n<\/div><\/div><\/div><\/div><\/div><\/div><\/div><\/div><\/section><\/p>\n","protected":false},"excerpt":{"rendered":"<p>Eden od temeljev energetske u\u010dinkovitosti na\u0161e zaprte re\u0161itve nape je in\u017eeniring dvojnega stropa nape.<\/p>\n","protected":false},"author":12,"featured_media":3700,"parent":4082,"menu_order":0,"comment_status":"closed","ping_status":"closed","template":"page-templates\/fullwidthpage-narrow.php","meta":{"_acf_changed":false,"footnotes":""},"class_list":["post-4113","page","type-page","status-publish","has-post-thumbnail","hentry"],"acf":[],"_links":{"self":[{"href":"https:\/\/tip95.si\/sl\/wp-json\/wp\/v2\/pages\/4113","targetHints":{"allow":["GET"]}}],"collection":[{"href":"https:\/\/tip95.si\/sl\/wp-json\/wp\/v2\/pages"}],"about":[{"href":"https:\/\/tip95.si\/sl\/wp-json\/wp\/v2\/types\/page"}],"author":[{"embeddable":true,"href":"https:\/\/tip95.si\/sl\/wp-json\/wp\/v2\/users\/12"}],"replies":[{"embeddable":true,"href":"https:\/\/tip95.si\/sl\/wp-json\/wp\/v2\/comments?post=4113"}],"version-history":[{"count":9,"href":"https:\/\/tip95.si\/sl\/wp-json\/wp\/v2\/pages\/4113\/revisions"}],"predecessor-version":[{"id":4480,"href":"https:\/\/tip95.si\/sl\/wp-json\/wp\/v2\/pages\/4113\/revisions\/4480"}],"up":[{"embeddable":true,"href":"https:\/\/tip95.si\/sl\/wp-json\/wp\/v2\/pages\/4082"}],"wp:featuredmedia":[{"embeddable":true,"href":"https:\/\/tip95.si\/sl\/wp-json\/wp\/v2\/media\/3700"}],"wp:attachment":[{"href":"https:\/\/tip95.si\/sl\/wp-json\/wp\/v2\/media?parent=4113"}],"curies":[{"name":"wp","href":"https:\/\/api.w.org\/{rel}","templated":true}]}}