{"id":4133,"date":"2021-11-03T10:11:39","date_gmt":"2021-11-03T10:11:39","guid":{"rendered":"http:\/\/tip95.razvija.se\/resitve\/zaprta-izolirana-napa\/lifting-doors\/"},"modified":"2024-03-07T13:26:51","modified_gmt":"2024-03-07T12:26:51","slug":"dvizna-vrata","status":"publish","type":"page","link":"https:\/\/tip95.si\/sl\/resitve\/zaprte-izolirane-nape\/dvizna-vrata\/","title":{"rendered":"DVI\u017dNA VRATA"},"content":{"rendered":"<p><section class=\"kc-elm kc-css-52360 kc_row\"><div class=\" container\"><div class=\"row\"><div class=\"kc-elm kc-css-801941 col-12 col-md-12 column\"><div class=\"kc-col-container\"><div class=\"kc-elm kc-css-545113 kc_text_block\"><\/p>\n<p>Zato na\u0161a dvi\u017ena vrata omogo\u010dajo dostop vzdol\u017e celotne proizvodne linije, vse od sprednje do zadnje strani, brez dodatnih stebrov, ki bi ovirali dostop vmes. Imajo tudi prozorno okno vzdol\u017e oskrbovalne strani, kar omogo\u010da proizvodnemu osebju, da enostavno sledi delovanju linije in se po potrebi hitro odzove.<\/p>\n<p>Privzeta vi\u0161ina dostopa skozi na\u0161a dvi\u017ena vrata je 2,2 m, vendar jo je mogo\u010de pove\u010dati do 4 m za dostop do trivaljnih strojev.<\/p>\n<h2>4 varnostni mehanizmi<\/h2>\n<p>Dvi\u017ena vrata se lahko dvignejo samodejno, po prelomu mre\u017ee ali poljubno, kadar koli je potreben poseg. So tudi ve\u010d kot varna \u2013 vgrajeni so 4 varnostni mehanizmi, ki ustrezajo najvi\u0161jim mednarodnim standardom in prepre\u010dujejo, da bi se vrata sama zaprla.<\/p>\n<p>\n<\/div><\/div><\/div><\/div><\/div><\/section><section class=\"kc-elm kc-css-2754 kc_row\"><div class=\" container\"><div class=\"row\"><div class=\"kc-elm kc-css-998957 col-12 col-md-12 column\"><div class=\"kc-col-container\"><div class=\"div-wrapper kc-elm kc-css-117221 white-box p-0\"><div class=\"kc-elm kc-css-514021 row\"><div class=\"kc-elm kc-css-402866 col-12 col-md-12 column_inner\"><div class=\"kc_wrapper kc-col-inner-container\">\n<div class=\"kc-elm kc-css-762194 d-inline-block w150\">\n\t<a class=\"kc_button btn btn-primary\" href=\"https:\/\/tip95.si\/sl\/povprasevanje\/\" target=\"_self\" title=\"Po\u0161ljite nam povpra\u0161evanje\" onclick=\"\">\n\t\tPo\u0161ljite nam povpra\u0161evanje\t<\/a>\n<\/div>\n\n<div class=\"kc-elm kc-css-304 d-inline-block w150\">\n\t<a class=\"kc_button btn btn-outline-primary wbg ml-0 mt-3 mt-md-0 ml-md-3\" href=\"https:\/\/tip95.si\/sl\/resitve\/zaprte-izolirane-nape\/\" target=\"_self\" title=\"Preverite vse zaprte izolirane nape\" onclick=\"\">\n\t\tPreverite vse zaprte izolirane nape\t<\/a>\n<\/div>\n<\/div><\/div><\/div><\/div><\/div><\/div><\/div><\/div><\/section><\/p>\n","protected":false},"excerpt":{"rendered":"<p>Ko je potreben dostop do proizvodne linije z oskrbovalne strani, je izjemno pomembno, da je dostop enostaven in neobremenjen.<\/p>\n","protected":false},"author":12,"featured_media":3692,"parent":4082,"menu_order":0,"comment_status":"closed","ping_status":"closed","template":"page-templates\/fullwidthpage-narrow.php","meta":{"_acf_changed":false,"footnotes":""},"class_list":["post-4133","page","type-page","status-publish","has-post-thumbnail","hentry"],"acf":[],"_links":{"self":[{"href":"https:\/\/tip95.si\/sl\/wp-json\/wp\/v2\/pages\/4133","targetHints":{"allow":["GET"]}}],"collection":[{"href":"https:\/\/tip95.si\/sl\/wp-json\/wp\/v2\/pages"}],"about":[{"href":"https:\/\/tip95.si\/sl\/wp-json\/wp\/v2\/types\/page"}],"author":[{"embeddable":true,"href":"https:\/\/tip95.si\/sl\/wp-json\/wp\/v2\/users\/12"}],"replies":[{"embeddable":true,"href":"https:\/\/tip95.si\/sl\/wp-json\/wp\/v2\/comments?post=4133"}],"version-history":[{"count":12,"href":"https:\/\/tip95.si\/sl\/wp-json\/wp\/v2\/pages\/4133\/revisions"}],"predecessor-version":[{"id":4481,"href":"https:\/\/tip95.si\/sl\/wp-json\/wp\/v2\/pages\/4133\/revisions\/4481"}],"up":[{"embeddable":true,"href":"https:\/\/tip95.si\/sl\/wp-json\/wp\/v2\/pages\/4082"}],"wp:featuredmedia":[{"embeddable":true,"href":"https:\/\/tip95.si\/sl\/wp-json\/wp\/v2\/media\/3692"}],"wp:attachment":[{"href":"https:\/\/tip95.si\/sl\/wp-json\/wp\/v2\/media?parent=4133"}],"curies":[{"name":"wp","href":"https:\/\/api.w.org\/{rel}","templated":true}]}}