{"id":4145,"date":"2021-11-03T10:18:35","date_gmt":"2021-11-03T10:18:35","guid":{"rendered":"http:\/\/tip95.razvija.se\/resitve\/zaprta-izolirana-napa\/better-working-conditions\/"},"modified":"2024-03-07T13:26:55","modified_gmt":"2024-03-07T12:26:55","slug":"boljsi-delovni-pogoji","status":"publish","type":"page","link":"https:\/\/tip95.si\/sl\/resitve\/zaprte-izolirane-nape\/boljsi-delovni-pogoji\/","title":{"rendered":"BOLJ\u0160I DELOVNI POGOJI"},"content":{"rendered":"<p><section class=\"kc-elm kc-css-367695 kc_row\"><div class=\" container\"><div class=\"row\"><div class=\"kc-elm kc-css-857295 col-12 col-md-12 column\"><div class=\"kc-col-container\"><div class=\"kc-elm kc-css-274186 kc_text_block\"><\/p>\n<p>Su\u0161ilni del nivoja stroja je pokrit z zaprtim pokrovom, ki dejansko omogo\u010da, da se zra\u010dni pogoji v proizvodni hali upravljajo neodvisno od proizvodne linije. In ko je treba zaradi vzdr\u017eevanja odpreti dvi\u017ena vrata na oskrbovalni strani, smo napo zasnovali tako, da omogo\u010da ni\u010delno to\u010dko na 1,5 do 2 metra, kar je idealno z ergonomskega vidika pogled.<\/p>\n<h2>Na progi ni ovir<\/h2>\n<p>Upo\u0161tevali smo tudi uporabni\u0161ko prijaznost prehodov na vozni strani: odstranili smo vse ovire in vzdr\u017eevalcem omogo\u010dili prehod po celotni dol\u017eini proge brez ovir na poti. Tudi sama streha je dovolj stabilna, da se po njej hodi in omogo\u010da enostaven dostop, ko je potrebno \u010di\u0161\u010denje in vzdr\u017eevanje su\u0161ilnikov, klobu\u010devine ali drugih proizvodnih delov.<\/p>\n<p>\n<\/div><\/div><\/div><\/div><\/div><\/section><section class=\"kc-elm kc-css-380882 kc_row\"><div class=\" container\"><div class=\"row\"><div class=\"kc-elm kc-css-277832 col-12 col-md-12 column\"><div class=\"kc-col-container\"><div class=\"div-wrapper kc-elm kc-css-928730 white-box p-0\"><div class=\"kc-elm kc-css-819681 row\"><div class=\"kc-elm kc-css-12983 col-12 col-md-12 column_inner\"><div class=\"kc_wrapper kc-col-inner-container\">\n<div class=\"kc-elm kc-css-605483 d-inline-block w150\">\n\t<a class=\"kc_button btn btn-primary\" href=\"https:\/\/tip95.si\/sl\/povprasevanje\/\" target=\"_self\" title=\"Po\u0161ljite nam povpra\u0161evanje\" onclick=\"\">\n\t\tPo\u0161ljite nam povpra\u0161evanje\t<\/a>\n<\/div>\n\n<div class=\"kc-elm kc-css-275853 d-inline-block w150\">\n\t<a class=\"kc_button btn btn-outline-primary wbg ml-0 mt-3 mt-md-0 ml-md-3\" href=\"https:\/\/tip95.si\/sl\/resitve\/zaprte-izolirane-nape\/\" target=\"_self\" title=\"Preverite vse zaprte izolirane nape\" onclick=\"\">\n\t\tPreverite vse zaprte izolirane nape\t<\/a>\n<\/div>\n<\/div><\/div><\/div><\/div><\/div><\/div><\/div><\/div><\/section><\/p>\n","protected":false},"excerpt":{"rendered":"<p>Zaprti sistem nape Tip95 spremeni va\u0161o proizvodno halo v osebju prijazno okolje, kjer so vplivi toplote, vlage, hrupa in prahu iz proizvodne linije minimalni.<\/p>\n","protected":false},"author":12,"featured_media":4376,"parent":4082,"menu_order":0,"comment_status":"closed","ping_status":"closed","template":"page-templates\/fullwidthpage-narrow.php","meta":{"_acf_changed":false,"footnotes":""},"class_list":["post-4145","page","type-page","status-publish","has-post-thumbnail","hentry"],"acf":[],"_links":{"self":[{"href":"https:\/\/tip95.si\/sl\/wp-json\/wp\/v2\/pages\/4145","targetHints":{"allow":["GET"]}}],"collection":[{"href":"https:\/\/tip95.si\/sl\/wp-json\/wp\/v2\/pages"}],"about":[{"href":"https:\/\/tip95.si\/sl\/wp-json\/wp\/v2\/types\/page"}],"author":[{"embeddable":true,"href":"https:\/\/tip95.si\/sl\/wp-json\/wp\/v2\/users\/12"}],"replies":[{"embeddable":true,"href":"https:\/\/tip95.si\/sl\/wp-json\/wp\/v2\/comments?post=4145"}],"version-history":[{"count":17,"href":"https:\/\/tip95.si\/sl\/wp-json\/wp\/v2\/pages\/4145\/revisions"}],"predecessor-version":[{"id":4482,"href":"https:\/\/tip95.si\/sl\/wp-json\/wp\/v2\/pages\/4145\/revisions\/4482"}],"up":[{"embeddable":true,"href":"https:\/\/tip95.si\/sl\/wp-json\/wp\/v2\/pages\/4082"}],"wp:featuredmedia":[{"embeddable":true,"href":"https:\/\/tip95.si\/sl\/wp-json\/wp\/v2\/media\/4376"}],"wp:attachment":[{"href":"https:\/\/tip95.si\/sl\/wp-json\/wp\/v2\/media?parent=4145"}],"curies":[{"name":"wp","href":"https:\/\/api.w.org\/{rel}","templated":true}]}}