{"id":4194,"date":"2021-11-03T09:58:38","date_gmt":"2021-11-03T09:58:38","guid":{"rendered":"http:\/\/tip95.razvija.se\/resitve\/toplotni-rekuperatorji\/indirect-air-air-heat-exchanger\/"},"modified":"2024-03-07T13:28:25","modified_gmt":"2024-03-07T12:28:25","slug":"posredni-izmenjevalnik-toplote-zrak-zrak","status":"publish","type":"page","link":"https:\/\/tip95.si\/sl\/resitve\/toplotni-rekuperatorji\/posredni-izmenjevalnik-toplote-zrak-zrak\/","title":{"rendered":"POSREDNI IZMENJEVALNIK TOPLOTE ZRAK \/ ZRAK"},"content":{"rendered":"<p><section class=\"kc-elm kc-css-971188 kc_row\"><div class=\" container\"><div class=\"row\"><div class=\"kc-elm kc-css-867043 col-12 col-md-12 column\"><div class=\"kc-col-container\"><div class=\"kc-elm kc-css-506877 kc_text_block\"><\/p>\n<p>Njegove cevi so pritrjene neposredno na \u010delne plo\u0161\u010de z mehanskimi dilatacijskimi sponkami, kar dodatno pove\u010da u\u010dinkovitost in vzdr\u017eljivost cevi.<\/p>\n<p>Izmenjevalec je opremljen s samodejnim sistemom za pr\u0161enje vode za notranje \u010di\u0161\u010denje in dostopnimi vrati za vzdr\u017eevanje.<\/p>\n<p>Vklju\u010duje lahko tudi podporno konstrukcijo, lestev in prehode (neobvezno).<\/p>\n<p>\n<\/div><\/div><\/div><\/div><\/div><\/section><section class=\"kc-elm kc-css-134976 kc_row\"><div class=\" container\"><div class=\"row\"><div class=\"kc-elm kc-css-769492 col-12 col-md-12 column\"><div class=\"kc-col-container\"><div class=\"div-wrapper kc-elm kc-css-271985 white-box p-0\"><div class=\"kc-elm kc-css-969776 row\"><div class=\"kc-elm kc-css-159266 col-12 col-md-12 column_inner\"><div class=\"kc_wrapper kc-col-inner-container\">\n<div class=\"kc-elm kc-css-832274 d-inline-block w150\">\n\t<a class=\"kc_button btn btn-primary\" href=\"https:\/\/tip95.si\/sl\/povprasevanje\/\" target=\"_self\" title=\"Po\u0161ljite nam povpra\u0161evanje\" onclick=\"\">\n\t\tPo\u0161ljite nam povpra\u0161evanje\t<\/a>\n<\/div>\n\n<div class=\"kc-elm kc-css-583831 d-inline-block w150\">\n\t<a class=\"kc_button btn btn-outline-primary wbg ml-0 mt-3 mt-md-0 ml-md-3\" href=\"https:\/\/tip95.si\/sl\/resitve\/toplotni-rekuperatorji\/\" target=\"_self\" title=\"Preverite vse toplotne rekuperatorje\" onclick=\"\">\n\t\tPreverite vse toplotne rekuperatorje\t<\/a>\n<\/div>\n<\/div><\/div><\/div><\/div><\/div><\/div><\/div><\/div><\/section><\/p>\n","protected":false},"excerpt":{"rendered":"<p>Na\u0161 toplotni izmenjevalnik zrak-zrak je v celoti izdelan iz nerjave\u010dega jekla, zaradi \u010desar je prakti\u010dno odporen na razpadanje zaradi vlage in toplote.<\/p>\n","protected":false},"author":12,"featured_media":3482,"parent":4085,"menu_order":0,"comment_status":"closed","ping_status":"closed","template":"page-templates\/fullwidthpage-narrow.php","meta":{"_acf_changed":false,"footnotes":""},"class_list":["post-4194","page","type-page","status-publish","has-post-thumbnail","hentry"],"acf":[],"_links":{"self":[{"href":"https:\/\/tip95.si\/sl\/wp-json\/wp\/v2\/pages\/4194","targetHints":{"allow":["GET"]}}],"collection":[{"href":"https:\/\/tip95.si\/sl\/wp-json\/wp\/v2\/pages"}],"about":[{"href":"https:\/\/tip95.si\/sl\/wp-json\/wp\/v2\/types\/page"}],"author":[{"embeddable":true,"href":"https:\/\/tip95.si\/sl\/wp-json\/wp\/v2\/users\/12"}],"replies":[{"embeddable":true,"href":"https:\/\/tip95.si\/sl\/wp-json\/wp\/v2\/comments?post=4194"}],"version-history":[{"count":15,"href":"https:\/\/tip95.si\/sl\/wp-json\/wp\/v2\/pages\/4194\/revisions"}],"predecessor-version":[{"id":4484,"href":"https:\/\/tip95.si\/sl\/wp-json\/wp\/v2\/pages\/4194\/revisions\/4484"}],"up":[{"embeddable":true,"href":"https:\/\/tip95.si\/sl\/wp-json\/wp\/v2\/pages\/4085"}],"wp:featuredmedia":[{"embeddable":true,"href":"https:\/\/tip95.si\/sl\/wp-json\/wp\/v2\/media\/3482"}],"wp:attachment":[{"href":"https:\/\/tip95.si\/sl\/wp-json\/wp\/v2\/media?parent=4194"}],"curies":[{"name":"wp","href":"https:\/\/api.w.org\/{rel}","templated":true}]}}