{"id":4212,"date":"2021-11-03T09:57:41","date_gmt":"2021-11-03T09:57:41","guid":{"rendered":"http:\/\/tip95.razvija.se\/resitve\/toplotni-rekuperatorji\/indirect-air-water-heat-exchanger\/"},"modified":"2024-03-07T13:28:10","modified_gmt":"2024-03-07T12:28:10","slug":"posredni-izmenjevalnik-toplote-zrak-voda","status":"publish","type":"page","link":"https:\/\/tip95.si\/sl\/resitve\/toplotni-rekuperatorji\/posredni-izmenjevalnik-toplote-zrak-voda\/","title":{"rendered":"POSREDNI IZMENJEVALNIK TOPLOTE ZRAK \/ VODA"},"content":{"rendered":"<p><section class=\"kc-elm kc-css-292313 kc_row\"><div class=\" container\"><div class=\"row\"><div class=\"kc-elm kc-css-335678 col-12 col-md-12 column\"><div class=\"kc-col-container\"><div class=\"kc-elm kc-css-505487 kc_text_block\"><\/p>\n<p>Ta izmenjevalnik toplote je opremljen tudi s sistemom za pr\u0161enje vode za \u010di\u0161\u010denje notranjih \u017eepov. Uporablja se predvsem za ogrevanje sve\u017ee vode ali glikolne vode pri prezra\u010devanju proizvodnih hal.<\/p>\n<p>Vklju\u010duje lahko tudi podporno konstrukcijo, lestev in prehode (neobvezno).<\/p>\n<p>\n<\/div><\/div><\/div><\/div><\/div><\/section><section class=\"kc-elm kc-css-994062 kc_row\"><div class=\" container\"><div class=\"row\"><div class=\"kc-elm kc-css-166226 col-12 col-md-12 column\"><div class=\"kc-col-container\"><div class=\"div-wrapper kc-elm kc-css-181817 white-box p-0\"><div class=\"kc-elm kc-css-635785 row\"><div class=\"kc-elm kc-css-457621 col-12 col-md-12 column_inner\"><div class=\"kc_wrapper kc-col-inner-container\">\n<div class=\"kc-elm kc-css-567027 d-inline-block w150\">\n\t<a class=\"kc_button btn btn-primary\" href=\"https:\/\/tip95.si\/sl\/povprasevanje\/\" target=\"_self\" title=\"Po\u0161ljite nam povpra\u0161evanje\" onclick=\"\">\n\t\tPo\u0161ljite nam povpra\u0161evanje\t<\/a>\n<\/div>\n\n<div class=\"kc-elm kc-css-466812 d-inline-block w150\">\n\t<a class=\"kc_button btn btn-outline-primary wbg ml-0 mt-3 mt-md-0 ml-md-3\" href=\"https:\/\/tip95.si\/sl\/resitve\/toplotni-rekuperatorji\/\" target=\"_self\" title=\"Preverite vse toplotne rekuperatorje\" onclick=\"\">\n\t\tPreverite vse toplotne rekuperatorje\t<\/a>\n<\/div>\n<\/div><\/div><\/div><\/div><\/div><\/div><\/div><\/div><\/section><\/p>\n","protected":false},"excerpt":{"rendered":"<p>Na\u0161 posredni izmenjevalnik toplote zrak-voda je enako vzdr\u017eljiv. Izdelan je iz plo\u0161\u010d iz nerjave\u010dega jekla, ki tvorijo satasto konfiguracijo za visoko u\u010dinkovitost in vzdr\u017eljivost.<\/p>\n","protected":false},"author":12,"featured_media":3713,"parent":4085,"menu_order":0,"comment_status":"closed","ping_status":"closed","template":"page-templates\/fullwidthpage-narrow.php","meta":{"_acf_changed":false,"footnotes":""},"class_list":["post-4212","page","type-page","status-publish","has-post-thumbnail","hentry"],"acf":[],"_links":{"self":[{"href":"https:\/\/tip95.si\/sl\/wp-json\/wp\/v2\/pages\/4212","targetHints":{"allow":["GET"]}}],"collection":[{"href":"https:\/\/tip95.si\/sl\/wp-json\/wp\/v2\/pages"}],"about":[{"href":"https:\/\/tip95.si\/sl\/wp-json\/wp\/v2\/types\/page"}],"author":[{"embeddable":true,"href":"https:\/\/tip95.si\/sl\/wp-json\/wp\/v2\/users\/12"}],"replies":[{"embeddable":true,"href":"https:\/\/tip95.si\/sl\/wp-json\/wp\/v2\/comments?post=4212"}],"version-history":[{"count":5,"href":"https:\/\/tip95.si\/sl\/wp-json\/wp\/v2\/pages\/4212\/revisions"}],"predecessor-version":[{"id":4483,"href":"https:\/\/tip95.si\/sl\/wp-json\/wp\/v2\/pages\/4212\/revisions\/4483"}],"up":[{"embeddable":true,"href":"https:\/\/tip95.si\/sl\/wp-json\/wp\/v2\/pages\/4085"}],"wp:featuredmedia":[{"embeddable":true,"href":"https:\/\/tip95.si\/sl\/wp-json\/wp\/v2\/media\/3713"}],"wp:attachment":[{"href":"https:\/\/tip95.si\/sl\/wp-json\/wp\/v2\/media?parent=4212"}],"curies":[{"name":"wp","href":"https:\/\/api.w.org\/{rel}","templated":true}]}}