{"id":4223,"date":"2021-11-03T10:46:38","date_gmt":"2021-11-03T10:46:38","guid":{"rendered":"http:\/\/tip95.razvija.se\/resitve\/prezracevanje-procesa-in-stabilizacija-papirja\/pocket-ventilation\/"},"modified":"2024-03-07T13:29:32","modified_gmt":"2024-03-07T12:29:32","slug":"zepno-prezracevanje","status":"publish","type":"page","link":"https:\/\/tip95.si\/sl\/resitve\/prezracevanje-procesa-in-stabilizacija-papirja\/zepno-prezracevanje\/","title":{"rendered":"\u017dEPNO PREZRA\u010cEVANJE"},"content":{"rendered":"<p><section class=\"kc-elm kc-css-602527 kc_row\"><div class=\" container\"><div class=\"row\"><div class=\"kc-elm kc-css-427674 col-12 col-md-12 column\"><div class=\"kc-col-container\"><div class=\"kc-elm kc-css-183422 kc_text_block\"><\/p>\n<p>Namen \u017eepnega prezra\u010devalnega sistema je optimizirati proces su\u0161enja in delovanje stroja ter se izogniti plapolanju in gubam. Inovativna konfiguracija in zasnova zaprte nape nam omogo\u010da dovod zraka vzdol\u017e proizvodne linije tako s sprednje kot s pogonske strani.<\/p>\n<p>Zahvaljujo\u010d posebnim pihalnim \u0161katlam lahko zagotovimo enakomerno porazdelitev zraka in nadzorujemo zra\u010dno vlago v su\u0161ilnem \u017eepu.<\/p>\n<p>Pihalne \u0161katle so name\u0161\u010dene na dolo\u010denem mestu znotraj stroja:<\/p>\n<ul>\n<li>pihalne \u0161katle v unorun konfiguraciji (slalomske skupine)<\/li>\n<li>pihalne \u0161katle pri centralno postavljenih zvitkih iz klobu\u010devine v dvojno polstenih skupinah<\/li>\n<li>pihanje \u0161katel na zvitkih iz klobu\u010devine tangentno na papir (ki se dotikajo papirja) v dvojno klobu\u010devine zdru\u017eenih<\/li>\n<li>pihalne \u0161katle za spodnji in zgornji filc<\/li>\n<li>zra\u010dni no\u017ei na vstopu in izstopu papirja pokrova<\/li>\n<\/ul>\n<p>\n<\/div><\/div><\/div><\/div><\/div><\/section><section class=\"kc-elm kc-css-917406 kc_row\"><div class=\" container\"><div class=\"row\"><div class=\"kc-elm kc-css-16326 col-12 col-md-12 column\"><div class=\"kc-col-container\"><div class=\"div-wrapper kc-elm kc-css-61659 white-box p-0\"><div class=\"kc-elm kc-css-182518 row\"><div class=\"kc-elm kc-css-163745 col-12 col-md-12 column_inner\"><div class=\"kc_wrapper kc-col-inner-container\">\n<div class=\"kc-elm kc-css-758989 d-inline-block w150\">\n\t<a class=\"kc_button btn btn-primary\" href=\"https:\/\/tip95.si\/sl\/povprasevanje\/\" target=\"_self\" title=\"Po\u0161ljite nam povpra\u0161evanje\" onclick=\"\">\n\t\tPo\u0161ljite nam povpra\u0161evanje\t<\/a>\n<\/div>\n\n<div class=\"kc-elm kc-css-863350 d-inline-block w150\">\n\t<a class=\"kc_button btn btn-outline-primary wbg ml-0 mt-3 mt-md-0 ml-md-3\" href=\"https:\/\/tip95.si\/sl\/resitve\/prezracevanje-procesa-in-stabilizacija-papirja\/\" target=\"_self\" title=\"Preverite vse sisteme za prezra\u010devanje procesa\" onclick=\"\">\n\t\tPreverite vse sisteme za prezra\u010devanje procesa\t<\/a>\n<\/div>\n<\/div><\/div><\/div><\/div><\/div><\/div><\/div><\/div><\/section><\/p>\n","protected":false},"excerpt":{"rendered":"","protected":false},"author":12,"featured_media":3732,"parent":4093,"menu_order":0,"comment_status":"closed","ping_status":"closed","template":"page-templates\/fullwidthpage-narrow.php","meta":{"_acf_changed":false,"footnotes":""},"class_list":["post-4223","page","type-page","status-publish","has-post-thumbnail","hentry"],"acf":[],"_links":{"self":[{"href":"https:\/\/tip95.si\/sl\/wp-json\/wp\/v2\/pages\/4223","targetHints":{"allow":["GET"]}}],"collection":[{"href":"https:\/\/tip95.si\/sl\/wp-json\/wp\/v2\/pages"}],"about":[{"href":"https:\/\/tip95.si\/sl\/wp-json\/wp\/v2\/types\/page"}],"author":[{"embeddable":true,"href":"https:\/\/tip95.si\/sl\/wp-json\/wp\/v2\/users\/12"}],"replies":[{"embeddable":true,"href":"https:\/\/tip95.si\/sl\/wp-json\/wp\/v2\/comments?post=4223"}],"version-history":[{"count":6,"href":"https:\/\/tip95.si\/sl\/wp-json\/wp\/v2\/pages\/4223\/revisions"}],"predecessor-version":[{"id":4485,"href":"https:\/\/tip95.si\/sl\/wp-json\/wp\/v2\/pages\/4223\/revisions\/4485"}],"up":[{"embeddable":true,"href":"https:\/\/tip95.si\/sl\/wp-json\/wp\/v2\/pages\/4093"}],"wp:featuredmedia":[{"embeddable":true,"href":"https:\/\/tip95.si\/sl\/wp-json\/wp\/v2\/media\/3732"}],"wp:attachment":[{"href":"https:\/\/tip95.si\/sl\/wp-json\/wp\/v2\/media?parent=4223"}],"curies":[{"name":"wp","href":"https:\/\/api.w.org\/{rel}","templated":true}]}}