{"id":4232,"date":"2021-11-03T10:47:57","date_gmt":"2021-11-03T10:47:57","guid":{"rendered":"http:\/\/tip95.razvija.se\/resitve\/prezracevanje-procesa-in-stabilizacija-papirja\/stabilizers\/"},"modified":"2024-03-07T13:29:37","modified_gmt":"2024-03-07T12:29:37","slug":"stabilizatorji","status":"publish","type":"page","link":"https:\/\/tip95.si\/sl\/resitve\/prezracevanje-procesa-in-stabilizacija-papirja\/stabilizatorji\/","title":{"rendered":"STABILIZATORJI"},"content":{"rendered":"<p><section class=\"kc-elm kc-css-330369 kc_row\"><div class=\" container\"><div class=\"row\"><div class=\"kc-elm kc-css-167348 col-12 col-md-12 column\"><div class=\"kc-col-container\"><div class=\"kc-elm kc-css-767466 kc_text_block\"><\/p>\n<p>Zrak stabilizatorjev prepre\u010duje plapolanje in gubanje tkanine ter zagotavlja nemoteno premikanje od stiskalnega dela do koluta. Teko\u010dnost je klju\u010dnega pomena za proizvodnjo papirja, saj lomljenje papirja skraj\u0161a \u010das delovanja stroja. Odsotnost samih stabilizatorjev, nepravilen polo\u017eaj vgradnje ali dimenzija stabilizatorja so eden izmed glavnih razlogov za pove\u010dano lomljenje papirja.<\/p>\n<p>Stabilizatorji so name\u0161\u010deni na dolo\u010denem mestu znotraj stroja:<\/p>\n<ul>\n<li>stabilizatorji med stiskalnicami<\/li>\n<li>stabilizatorji med kon\u010dno stiskalnico in<\/li>\n<li>skupino su\u0161ilnih odsekov<\/li>\n<li>stabilizatorji v unorun konfiguraciji (slalomske skupine)\n<ul>\n<li>Enostranski stabilizator<\/li>\n<li>Dvostranski stabilizatorji s spodnjim (ogrevanim) cilindrom<\/li>\n<li>Dvostranski stabilizatorji s spodnjim (izvrtanim) cilindrom (vacroll)<\/li>\n<\/ul>\n<\/li>\n<li>stabilizatorji med su\u0161ilnimi skupinami<\/li>\n<li>stabilizatorji pri zvitkih klobu\u010devine, ki se dotikajo papirja<\/li>\n<\/ul>\n<p>\n<\/div><\/div><\/div><\/div><\/div><\/section><section class=\"kc-elm kc-css-536343 kc_row\"><div class=\" container\"><div class=\"row\"><div class=\"kc-elm kc-css-746211 col-12 col-md-12 column\"><div class=\"kc-col-container\"><div class=\"div-wrapper kc-elm kc-css-216685 white-box p-0\"><div class=\"kc-elm kc-css-179040 row\"><div class=\"kc-elm kc-css-538701 col-12 col-md-12 column_inner\"><div class=\"kc_wrapper kc-col-inner-container\">\n<div class=\"kc-elm kc-css-140754 d-inline-block w150\">\n\t<a class=\"kc_button btn btn-primary\" href=\"https:\/\/tip95.si\/sl\/povprasevanje\/\" target=\"_self\" title=\"Po\u0161ljite nam povpra\u0161evanje\" onclick=\"\">\n\t\tPo\u0161ljite nam povpra\u0161evanje\t<\/a>\n<\/div>\n\n<div class=\"kc-elm kc-css-13334 d-inline-block w150\">\n\t<a class=\"kc_button btn btn-outline-primary wbg ml-0 mt-3 mt-md-0 ml-md-3\" href=\"https:\/\/tip95.si\/sl\/resitve\/prezracevanje-procesa-in-stabilizacija-papirja\/\" target=\"_self\" title=\"Preverite vse sisteme za prezra\u010devanje procesa\" onclick=\"\">\n\t\tPreverite vse sisteme za prezra\u010devanje procesa\t<\/a>\n<\/div>\n<\/div><\/div><\/div><\/div><\/div><\/div><\/div><\/div><\/section><\/p>\n","protected":false},"excerpt":{"rendered":"<p>Zrak stabilizatorjev prepre\u010duje plapolanje in gubanje papirja ter zagotavlja nemoteno premikanje od stiskalnega dela do koluta.<\/p>\n","protected":false},"author":12,"featured_media":4394,"parent":4093,"menu_order":0,"comment_status":"closed","ping_status":"closed","template":"page-templates\/fullwidthpage-narrow.php","meta":{"_acf_changed":false,"footnotes":""},"class_list":["post-4232","page","type-page","status-publish","has-post-thumbnail","hentry"],"acf":[],"_links":{"self":[{"href":"https:\/\/tip95.si\/sl\/wp-json\/wp\/v2\/pages\/4232","targetHints":{"allow":["GET"]}}],"collection":[{"href":"https:\/\/tip95.si\/sl\/wp-json\/wp\/v2\/pages"}],"about":[{"href":"https:\/\/tip95.si\/sl\/wp-json\/wp\/v2\/types\/page"}],"author":[{"embeddable":true,"href":"https:\/\/tip95.si\/sl\/wp-json\/wp\/v2\/users\/12"}],"replies":[{"embeddable":true,"href":"https:\/\/tip95.si\/sl\/wp-json\/wp\/v2\/comments?post=4232"}],"version-history":[{"count":4,"href":"https:\/\/tip95.si\/sl\/wp-json\/wp\/v2\/pages\/4232\/revisions"}],"predecessor-version":[{"id":4486,"href":"https:\/\/tip95.si\/sl\/wp-json\/wp\/v2\/pages\/4232\/revisions\/4486"}],"up":[{"embeddable":true,"href":"https:\/\/tip95.si\/sl\/wp-json\/wp\/v2\/pages\/4093"}],"wp:featuredmedia":[{"embeddable":true,"href":"https:\/\/tip95.si\/sl\/wp-json\/wp\/v2\/media\/4394"}],"wp:attachment":[{"href":"https:\/\/tip95.si\/sl\/wp-json\/wp\/v2\/media?parent=4232"}],"curies":[{"name":"wp","href":"https:\/\/api.w.org\/{rel}","templated":true}]}}