{"id":4243,"date":"2021-11-03T11:19:07","date_gmt":"2021-11-03T11:19:07","guid":{"rendered":"http:\/\/tip95.razvija.se\/resitve\/druge-resitve\/noise-reduction-systems\/"},"modified":"2024-03-07T13:30:40","modified_gmt":"2024-03-07T12:30:40","slug":"sistemi-za-zmanjsevanje-hrupa","status":"publish","type":"page","link":"https:\/\/tip95.si\/sl\/resitve\/druge-resitve\/sistemi-za-zmanjsevanje-hrupa\/","title":{"rendered":"SISTEMI ZA ZMANJ\u0160EVANJE HRUPA"},"content":{"rendered":"<p><section class=\"kc-elm kc-css-310103 kc_row\"><div class=\" container\"><div class=\"row\"><div class=\"kc-elm kc-css-22192 col-12 col-md-12 column\"><div class=\"kc-col-container\"><div class=\"kc-elm kc-css-920795 kc_text_block\"><\/p>\n<p>Ker je na\u0161e podjetje globoko zavezano spo\u0161tovanju ob\u010dutljivosti mestnega in naravnega okolja, ki obdaja lokacije na\u0161ih partnerjev, smo razvili zelo zanesljiv in u\u010dinkovit sistem za zmanj\u0161anje hrupa. Lahko se izvede kot del novega procesnega prezra\u010devalnega sistema ali posebej zasnovan za obstoje\u010do re\u0161itev.<\/p>\n<p>\n<\/div><\/div><\/div><\/div><\/div><\/section><section class=\"kc-elm kc-css-222902 kc_row\"><div class=\" container\"><div class=\"row\"><div class=\"kc-elm kc-css-583743 col-12 col-md-12 column\"><div class=\"kc-col-container\"><div class=\"div-wrapper kc-elm kc-css-769611 white-box p-0\"><div class=\"kc-elm kc-css-651459 row\"><div class=\"kc-elm kc-css-632556 col-12 col-md-12 column_inner\"><div class=\"kc_wrapper kc-col-inner-container\">\n<div class=\"kc-elm kc-css-323841 d-inline-block w150\">\n\t<a class=\"kc_button btn btn-primary\" href=\"https:\/\/tip95.si\/sl\/povprasevanje\/\" target=\"_self\" title=\"Po\u0161ljite nam povpra\u0161evanje\" onclick=\"\">\n\t\tPo\u0161ljite nam povpra\u0161evanje\t<\/a>\n<\/div>\n\n<div class=\"kc-elm kc-css-292742 d-inline-block w150\">\n\t<a class=\"kc_button btn btn-outline-primary wbg ml-0 mt-3 mt-md-0 ml-md-3\" href=\"https:\/\/tip95.si\/sl\/resitve\/druge-resitve\/\" target=\"_self\" title=\"Preverite vse druge re\u0161itve\" onclick=\"\">\n\t\tPreverite vse druge re\u0161itve\t<\/a>\n<\/div>\n<\/div><\/div><\/div><\/div><\/div><\/div><\/div><\/div><\/section><\/p>\n","protected":false},"excerpt":{"rendered":"<p>V okoljih, kjer se papirnica nahaja v bli\u017eini naseljenega obmo\u010dja, je problematika zvo\u010dnega onesna\u017eevanja postala pomembna tema.<\/p>\n","protected":false},"author":12,"featured_media":3640,"parent":4104,"menu_order":0,"comment_status":"closed","ping_status":"closed","template":"page-templates\/fullwidthpage-narrow.php","meta":{"_acf_changed":false,"footnotes":""},"class_list":["post-4243","page","type-page","status-publish","has-post-thumbnail","hentry"],"acf":[],"_links":{"self":[{"href":"https:\/\/tip95.si\/sl\/wp-json\/wp\/v2\/pages\/4243","targetHints":{"allow":["GET"]}}],"collection":[{"href":"https:\/\/tip95.si\/sl\/wp-json\/wp\/v2\/pages"}],"about":[{"href":"https:\/\/tip95.si\/sl\/wp-json\/wp\/v2\/types\/page"}],"author":[{"embeddable":true,"href":"https:\/\/tip95.si\/sl\/wp-json\/wp\/v2\/users\/12"}],"replies":[{"embeddable":true,"href":"https:\/\/tip95.si\/sl\/wp-json\/wp\/v2\/comments?post=4243"}],"version-history":[{"count":6,"href":"https:\/\/tip95.si\/sl\/wp-json\/wp\/v2\/pages\/4243\/revisions"}],"predecessor-version":[{"id":4488,"href":"https:\/\/tip95.si\/sl\/wp-json\/wp\/v2\/pages\/4243\/revisions\/4488"}],"up":[{"embeddable":true,"href":"https:\/\/tip95.si\/sl\/wp-json\/wp\/v2\/pages\/4104"}],"wp:featuredmedia":[{"embeddable":true,"href":"https:\/\/tip95.si\/sl\/wp-json\/wp\/v2\/media\/3640"}],"wp:attachment":[{"href":"https:\/\/tip95.si\/sl\/wp-json\/wp\/v2\/media?parent=4243"}],"curies":[{"name":"wp","href":"https:\/\/api.w.org\/{rel}","templated":true}]}}