{"id":4289,"date":"2022-01-11T11:21:40","date_gmt":"2022-01-11T11:21:40","guid":{"rendered":"http:\/\/tip95.razvija.se\/privacy-policy\/"},"modified":"2022-11-03T07:58:04","modified_gmt":"2022-11-03T07:58:04","slug":"politika-zasebnosti-in-varovanja-osebnih-podatkov","status":"publish","type":"page","link":"https:\/\/tip95.si\/sl\/politika-zasebnosti-in-varovanja-osebnih-podatkov\/","title":{"rendered":"Politika zasebnosti in varovanja osebnih podatkov"},"content":{"rendered":"<section class=\"kc-elm kc-css-29975 kc_row\"><div class=\" container\"><div class=\"row\"><div class=\"kc-elm kc-css-749592 col-12 col-md-12 column\"><div class=\"kc-col-container\"><div class=\"kc-elm kc-css-424439 kc_text_block\"><\/p>\n<p>Spletno mesto je za namen tega pravnega obvestila pojem, ki zajema vse spletne strani na spletnem naslovu <a href=\"https:\/\/www.tip95.si\/\">www.tip95.si<\/a> (v nadaljevanju: spletno mesto). Imetnik avtorskih pravic na vseh avtorskih delih, ki so na kakr\u0161en koli na\u010din vklju\u010dena v spletno mesto, je Tip95 d.o.o. (v nadaljevanju Tip95). Uporabnik lahko uporablja vsebine na spletnem mestu izklju\u010dno za svojo osebno, to je nekomercialno rabo. Vsaka druga oblika uporabe vsebin spletnega mesta (kot so kopiranje, reproduciranje, distribuiranje in podobno) v komercialne namene je prepovedana.<\/p>\n<h3>Omejitev uporabe informacij in gradiv<\/h3>\n<p>Informacije in gradiva, ki so prikazana na tem spletnem mestu, lahko uporabnik nalo\u017ei iz stre\u017enika za svojo osebno, doma\u010do rabo, pri \u010demer ne sme spreminjati ozna\u010db avtorskih pravic, drugih obvestil o pravicah intelektualne lastnine ali obvestil o drugih pravicah. Dovoljeno je nalaganje in tiskanje informacij in gradiv z namenom ogledovanja in branja za nekomercialne namene. Vsako drugo kopiranje, distribuiranje, ponovno objavljanje, spreminjanje informacij in gradiv na <a href=\"https:\/\/www.tip95.si\/\">www.tip95.si<\/a> ali njihovo po\u0161iljanje po po\u0161ti ter raz\u0161irjanje na kakr\u0161en koli drug na\u010din brez predhodnega pisnega dovoljenja je prepovedano. Prav tako je prepovedana uporaba katerega koli elementa <a href=\"https:\/\/www.tip95.si\/\">www.tip95.si<\/a> za kakr\u0161ne koli druge namene kot za izklju\u010dno osebno, nekomercialno, doma\u010do rabo. Tip95 ne odgovarja za obliko in vsebino spletnih mest, ki so na kakr\u0161en koli na\u010din povezana s spletnim mestom <a href=\"https:\/\/www.tip95.si\/\">www.tip95.si<\/a>. Pri obisku in uporabi povezanih spletnih mest je odgovornost Tip95 za vse primere izklju\u010dena.<\/p>\n<h3>Omejitev odgovornosti<\/h3>\n<p>Tip95 se bo trudil, da bodo podatki na spletnem mestu pravilni in a\u017eurni, vendar niti Tip95 niti druga pravna ali fizi\u010dna oseba, ki je sodelovala pri izdelavi spletnega mesta ali \u0161e sodeluje pri nadgradnjah spletnega mesta, ne more biti odgovorna za navadno \u0161kodo ali izgubljeni dobi\u010dek ali nepremo\u017eenjsko \u0161kodo, ki bi lahko uporabniku nastala zaradi uporabe spletnega mesta ali nezmo\u017enosti uporabe tega. Tip95 se bo trudil za nemoteno delovanje spletnega mesta, vendar ne more biti odgovoren za navadno \u0161kodo ali izgubljeni dobi\u010dek ali nepremo\u017eenjsko \u0161kodo, ki bi lahko uporabniku nastala zaradi motenega delovanja spletnega mesta. Tip95 lahko kadar koli brez predhodnega obvestila spremeni spletno mesto.<\/p>\n<h3>Varstvo osebnih podatkov<\/h3>\n<p>Zavedamo se pomembnosti varstva osebnih podatkov, predvsem zato, ker jih uporabljamo za zagotavljanje ustreznej\u0161ih storitev in informacij na\u0161im obiskovalcem. Uredba GDPR, ki jo je sprejela Evropska unija, narekuje visoke standarde, ki dolo\u010dajo, kako se va\u0161i podatki zbirajo, hranijo, vam omogo\u010da vpogled vanje in zahtevo za izbris ter \u0161e veliko ve\u010d. V skladu z zakonodajo in na\u0161im zavedanjem pomembnosti tega podro\u010dja smo pripravili pojasnila o varnosti va\u0161ih podatkov in pravicah, ki jih imate kot lastnik podatkov. Pred podajo privolitve za zbiranje ali obdelavo va\u0161ih osebnih podatkov zato to pojasnilo skrbno preberite.<\/p>\n<h4>Kaj so osebni podatki<\/h4>\n<p>Osebni podatki so kateri koli podatki, ki se nana\u0161ajo na dolo\u010deno fizi\u010dno osebo, torej posameznika, na glede na obliko, v kateri so izra\u017eeni. Gre za podatke, na podlagi katerih vas je mogo\u010de identificirati: ime, priimek, elektronski naslov, itd. Upravljavec osebnih podatkov na spletnem mestu <a href=\"https:\/\/www.tip95.si\/\">www.tip95.si<\/a> je Tip95.<\/p>\n<h4>Kje hranimo va\u0161e podatke in za koliko \u010dasa<\/h4>\n<p>Osebni podatki, ki nam jih digitalno posredujete, se shranjujejo na zato najetih stre\u017enikih pri ponudniku gostovanja, lahko pa tudi pri podjetjih, katerih orodja uporabljamo. Na primer, ponudnik orodja za e-po\u0161tno komunikacijo hrani podatke o naslovnikih. Zbrane osebne podatke hranimo do trenutka, ko nam sporo\u010dite, da ne sogla\u0161ate ve\u010d s hranjenjem in obdelavo osebnih podatkov oz. najve\u010d toliko \u010dasa, kolikor je potrebno, da se dose\u017ee namen, za katerega se obdelujejo, ali da zadovoljimo zakonske zahteve.<\/p>\n<h4>Zbiranje, obdelava in uporaba osebnih podatkov<\/h4>\n<p>Va\u0161e osebne podatke zbiramo, z njimi upravljamo in obdelujemo le za zakonsko dolo\u010dene namene ali na podlagi va\u0161ega izrecnega soglasja. Podatki, zbrani s soglasjem, so v prvi vrsti namenjeni komunikaciji z vami in izbolj\u0161anju storitev. Zavezujemo se, da va\u0161ih osebnih podatkov ne bomo posodili ali prodali tretji osebi brez predhodnega obvestila in pridobitve va\u0161ega izrecnega pisnega soglasja.<\/p>\n<h4>Preklic soglasja za obdelavo osebnih podatkov<\/h4>\n<p>Kadar koli imate pravico preklicati dano soglasje za obdelavo osebnih podatkov. Prekli\u010dete lahko pravico za posamezen namen ali za vse namene obdelave osebnih podatkov, s katerimi ste sogla\u0161ali. Pisno izjavo za preklic soglasja za obdelavo osebnih podatkov po\u0161ljite na naslov: Tip95, ali na e-naslov <a href=\"mailto:info@tip95.si\" target=\"_blank\" rel=\"noopener\">info@tip95.si<\/a>. V primeru preklica soglasja za zbiranje ali obdelavo osebnih podatkov bodo vsi zbrani osebni podatki, na katere se bo nana\u0161ala zahteva za izbris, izbrisani ali izvzeti iz samodejne obdelave. Preklic soglasja za obdelavo osebnih podatkov ne vpliva na zakonitost obdelave osebnih podatkov v zvezi z vami do va\u0161ega preklica ter uporabo teh osebnih podatkov za zakonsko dolo\u010dene namene.<\/p>\n<h4>Va\u0161e pravice na podro\u010dju varstva osebnih podatkov<\/h4>\n<p><strong>Pravica do izbrisa\/pozabe<br \/><\/strong>Kadar koli imate pravico zahtevati, da upravljavec popravi oziroma dopolni neto\u010dne oziroma pomanjkljive osebne podatke v zvezi z vami. Kadar koli lahko zahtevate vpogled v podatke, ki jih je upravljavec o vas zbral, ali takoj\u0161en izbris svojih osebnih podatkov. V primeru popravka, dopolnitve ali izbrisa osebnih podatkov vas moramo o popravku, dopolnitvi ali izbrisu brez odla\u0161anja obvestiti.<\/p>\n<p><strong>Pravica do omejitve obdelave osebnih podatkov<br \/><\/strong>Kadar koli imate pravico zahtevati, da omejimo obdelavo va\u0161ih osebnih podatkov v primeru njihove neto\u010dnosti, nezakonitosti, prenehanja namena obdelave ali vlo\u017eitve ugovora.<\/p>\n<p><strong>Pravica do prenosljivosti va\u0161ih podatkov: <\/strong>kadar koli imate pravico zahtevati, da vam posredujemo osebne podatke, ki jih obdelujemo v zvezi z vami. Kadar koli imate pravico zahtevati, da osebne podatke, ki jih obdelujemo v zvezi z vami, posredujemo drugemu upravljavcu.<\/p>\n<p><strong>Pravica do ugovora<br \/><\/strong>Vsaka uporaba va\u0161ih osebnih podatkov za namene informativnega ali promocijskega obve\u0161\u010danja zahteva va\u0161o izrecno privolitev. V primeru, ko na podlagi privolitve prejemate informativne ali komercialne promocijske vsebine, lahko kadar koli pisno zahtevate prenehanje uporabe svojih podatkov v ta namen.<\/p>\n<p><strong>Pravica do dostopa do osebnih podatkov v zvezi z vami<\/strong><br \/>Kadar koli imate pravico dobiti potrditev, ali se v zvezi z vami obdelujejo osebni podatki in dostop do osebnih podatkov v zvezi z vami in naslednje informacije: namen obdelave podatkov, vrsto osebnih podatkov v zvezi z vami, uporabnike va\u0161ih osebnih podatkov, predvideno obdobje hrambe osebnih podatkov, vir osebnih podatkov.<\/p>\n<h4>Ogro\u017eenost varstva osebnih podatkov<\/h4>\n<p>V primeru ogro\u017eenosti varstva osebnih podatkov bomo brez nepotrebnega odla\u0161anja, najkasneje pa v 72 urah po seznanitvi z ogro\u017eenostjo varstva va\u0161ih osebnih podatkov o njej obvestili pristojni organ.<\/p>\n<h4>Pomembne informacije v zvezi z obdelavo va\u0161ih osebnih podatkov<\/h4>\n<p>Zavezujemo se, da bomo vse zbrane podatke obdelovali zgolj v okviru na\u0161tetih namenov upravljanja oz. obdelave osebnih podatkov ter v skladu z Zakonom o varstvu osebnih podatkov ter drugo zadevno podro\u010dno zakonodajo kot tudi skladno z Uredbo (EU) 2016\/679 o varstvu posameznikov pri obdelavi osebnih podatkov (GDPR).<\/p>\n<h3>Katere pi\u0161kotke uporablja ta spletna stran?<\/h3>\n<h4>\u00a0<\/h4>\n<h4>1. Nujno potrebni pi\u0161kotki<\/h4>\n<p>Nujno potrebni pi\u0161kotki morajo biti ves \u010das omogo\u010deni, da lahko shranimo va\u0161e nastavitve za nastavitve pi\u0161kotkov.<\/p>\n<table style=\"width: 68.0697%;\" width=\"610\">\n<tbody>\n<tr>\n<td style=\"width: 33.2339%;\">Naziv<\/td>\n<td style=\"width: 20.2849%;\">Ponudnik<\/td>\n<td style=\"width: 33.2242%;\">Uporaba<\/td>\n<td style=\"width: 11.293%;\">Trajanje<\/td>\n<\/tr>\n<tr>\n<td style=\"width: 33.2339%;\">hideCovidNotice<\/td>\n<td style=\"width: 20.2849%;\"><a href=\"https:\/\/www.tip95.si\/\">www.tip95.si<\/a><\/td>\n<td style=\"width: 33.2242%;\">Shranjevanje nastavitve prikaza covid bannerja.<\/td>\n<td style=\"width: 11.293%;\">Potek seje<\/td>\n<\/tr>\n<tr>\n<td style=\"width: 33.2339%;\">wp-wpml_current_language<\/td>\n<td style=\"width: 20.2849%;\"><a href=\"https:\/\/www.tip95.si\/\">www.tip95.si<\/a><\/td>\n<td style=\"width: 33.2242%;\">Shranjevanje izbire jezika<\/td>\n<td style=\"width: 11.293%;\">24 ur<\/td>\n<\/tr>\n<tr>\n<td style=\"width: 33.2339%;\">moove_gdpr_popup<\/td>\n<td style=\"width: 20.2849%;\"><a href=\"https:\/\/www.tip95.si\/\">www.tip95.si<\/a><\/td>\n<td style=\"width: 33.2242%;\">\u00a0<\/td>\n<td style=\"width: 11.293%;\">1 leto<\/td>\n<\/tr>\n<\/tbody>\n<\/table>\n<h4>\u00a0<\/h4>\n<h4>2. Google<\/h4>\n<p>Google uporablja pi\u0161kotke za shranjevanje priljubljenih uporabni\u0161kih nastavitev, izbire jezikovne verzije, \u0161t. prikazanih zadetkov in vrednosti, prikaz informacij na Google zemljevidih ter mnogih drugih funkcionalnosti in storitev tega spletnega giganta.<\/p>\n<p><a href=\"https:\/\/policies.google.com\/technologies\/cookies?hl=sl\" target=\"_blank\" rel=\"noopener\">Preberi ve\u010d<\/a><\/p>\n<h4>3. Google Analytics<\/h4>\n<p>Google Analytics je storitev spletnega analiziranja. Nudi nam informacije o obna\u0161anju uporabnikov na na\u0161i spletni strani in nam s tem pomaga ustvariti bolj\u0161o uporabni\u0161ko izku\u0161njo, prikazati relevantno vsebino itn. Pri razbiranju teh podatkov vas ne moremo osebno prepoznati. \u017divljenjska doba teh pi\u0161kotkov zna\u0161a do 2 let.<\/p>\n<p><strong>Primer uporabljenih pi\u0161kotkov:<\/strong><\/p>\n<table width=\"610\">\n<tbody>\n<tr>\n<td>Naziv<\/td>\n<td>Ponudnik<\/td>\n<td>Uporaba<\/td>\n<td>Trajanje<\/td>\n<\/tr>\n<tr>\n<td>_gat_UA-2764728-49<\/td>\n<td>Google Analytics<\/td>\n<td>Pi\u0161kotek se uporablja za omejevanje \u0161tevila zahtevkov. V kolikor je Google Analytics dodan preko Google Tag Manager, se ta pi\u0161kotek kli\u010de \u201c_dc_gtm_\u201d.<\/td>\n<td>1 minuto<\/td>\n<\/tr>\n<tr>\n<td>_ga<\/td>\n<td>Google Analytics<\/td>\n<td>Identifikacija uporabnikov.<\/td>\n<td>2 leti<\/td>\n<\/tr>\n<tr>\n<td>_gid<\/td>\n<td>Google Analytics<\/td>\n<td>Identifikacija uporabnikov.<\/td>\n<td>24 ur<\/td>\n<\/tr>\n<tr>\n<td>_gac_<\/td>\n<td>Google Analytics<\/td>\n<td>Vsebuje podatke kampanje glede na uporabnika.<\/td>\n<td>90 dni<\/td>\n<\/tr>\n<\/tbody>\n<\/table>\n<p><a href=\"https:\/\/developers.google.com\/analytics\/devguides\/collection\/gajs\/cookie-usage?hl=en\" target=\"_blank\" rel=\"noopener\">Preberi ve\u010d <\/a><\/p>\n<h4>\u00a0<\/h4>\n<h4>4. YouTube<\/h4>\n<p>Storitev YouTube uporabljamo za predvajanje video posnetkov, pi\u0161kotki pa se uporabljajo za bele\u017eenje podatkov o ogledih, shranjevanje priljubljenih uporabni\u0161kih nastavitev, prikaz relevantnih video posnetkov itn. \u017divljenjska doba teh pi\u0161kotkov zna\u0161a do 10 let.<\/p>\n<table width=\"610\">\n<tbody>\n<tr>\n<td>Naziv<\/td>\n<td>Ponudnik<\/td>\n<td>Uporaba<\/td>\n<td>Trajanje<\/td>\n<\/tr>\n<tr>\n<td>PREF<\/td>\n<td>Youtube<\/td>\n<td>Pi\u0161kotek za shranjevanje nastavitev.<\/td>\n<td>10 let<\/td>\n<\/tr>\n<tr>\n<td>VISITOR_INFO1_LIVE<\/td>\n<td>Youtube<\/td>\n<td>Pi\u0161kotek s pomo\u010djo katerega Youtube izmeri va\u0161o internetno povezavo.<\/td>\n<td>8 mesecev<\/td>\n<\/tr>\n<tr>\n<td>YSC<\/td>\n<td>Youtube<\/td>\n<td>Pi\u0161kotek namesti Youtube v na\u010dinu \u201cembedded video\u201d.<\/td>\n<td>Potek seje<\/td>\n<\/tr>\n<\/tbody>\n<\/table>\n<h3>\u00a0<\/h3>\n<h3>Kako lahko upravljate ali bri\u0161ete pi\u0161kotke?<\/h3>\n<p>Pi\u0161kotkov nikakor ne bomo uporabljali za zbiranje va\u0161ih osebno dolo\u010dljivih podatkov, po \u017eelji pa lahko nastavitve o uporabi pi\u0161kotkov spremenite tudi v brskalniku svojega ra\u010dunalnika ali mobilne naprave. Ve\u010dina modernih brskalnikov omogo\u010da, da sprejmete ali zavrnete vse pi\u0161kotke, sprejmete ali zavrnete le dolo\u010dene vrste pi\u0161kotkov ali pa si nastavite opozorilo, da stran \u017eeli shraniti pi\u0161kotek na va\u0161o napravo. Izbri\u0161ete lahko tudi pi\u0161kotke, ki jih je brskalnik \u017ee shranil na va\u0161i napravi. Opozarjamo vas, da v primeru izklopa pi\u0161kotkov vse funkcionalnosti spletnih strani morda ne bodo delovale enako u\u010dinkovito, opozorilo o uporabi pi\u0161kotkov se bo prikazalo ob vsakem obisku, dolgoro\u010dno pa bo to negativno vplivalo na va\u0161o uporabni\u0161ko izku\u0161njo. Postopek spremembe nastavitev pi\u0161kotkov se v vsakem brskalniku razlikuje. Informacijo o tem lahko poi\u0161\u010dete s pomo\u010djo funkcije \u00bbPomo\u010d\u00ab, obi\u0161\u010dete <a href=\"http:\/\/www.aboutcookies.org\/\" target=\"_blank\" rel=\"noopener\">www.aboutcookies.org<\/a>, ki nazorno razlo\u017ei postopek v vseh modernih brskalnikih, ali pa nas kontaktirate prek <a href=\"mailto:info@lipro.si\">e-po\u0161te<\/a>. Pi\u0161kotke Google Analytics je mogo\u010de onemogo\u010diti tudi s pomo\u010djo navodil, ki so na voljo na <a href=\"https:\/\/tools.google.com\/dlpage\/gaoptout?hl=en\" target=\"_blank\" rel=\"noopener\">Google Analytics<\/a> Ve\u010d informacij o pi\u0161kotkih je na voljo tudi v <a href=\"https:\/\/www.ip-rs.si\/\" target=\"_blank\" rel=\"noopener\">smernicah informacijskega poobla\u0161\u010denca.<\/a><\/p>\n<h3>Splo\u0161no<\/h3>\n<p>Za morebitne spore iz naslova uporabe spletnega mesta se uporabi slovenska zakonodaja. Za re\u0161itev morebitnih sporov je pristojno sodi\u0161\u010de v Kopru. Z uporabo spletnega mesta uporabnik potrjuje, da je sprejel tu opisane pogoje in da se z njimi strinja.<\/p>\n<p>\n<\/div><\/div><\/div><\/div><\/div><\/section>\n","protected":false},"excerpt":{"rendered":"","protected":false},"author":12,"featured_media":0,"parent":0,"menu_order":0,"comment_status":"closed","ping_status":"closed","template":"page-templates\/fullwidthpage-narrow.php","meta":{"_acf_changed":false,"footnotes":""},"class_list":["post-4289","page","type-page","status-publish","hentry"],"acf":[],"_links":{"self":[{"href":"https:\/\/tip95.si\/sl\/wp-json\/wp\/v2\/pages\/4289","targetHints":{"allow":["GET"]}}],"collection":[{"href":"https:\/\/tip95.si\/sl\/wp-json\/wp\/v2\/pages"}],"about":[{"href":"https:\/\/tip95.si\/sl\/wp-json\/wp\/v2\/types\/page"}],"author":[{"embeddable":true,"href":"https:\/\/tip95.si\/sl\/wp-json\/wp\/v2\/users\/12"}],"replies":[{"embeddable":true,"href":"https:\/\/tip95.si\/sl\/wp-json\/wp\/v2\/comments?post=4289"}],"version-history":[{"count":6,"href":"https:\/\/tip95.si\/sl\/wp-json\/wp\/v2\/pages\/4289\/revisions"}],"predecessor-version":[{"id":4295,"href":"https:\/\/tip95.si\/sl\/wp-json\/wp\/v2\/pages\/4289\/revisions\/4295"}],"wp:attachment":[{"href":"https:\/\/tip95.si\/sl\/wp-json\/wp\/v2\/media?parent=4289"}],"curies":[{"name":"wp","href":"https:\/\/api.w.org\/{rel}","templated":true}]}}